{"id":545,"date":"2024-12-05T20:06:29","date_gmt":"2024-12-05T19:06:29","guid":{"rendered":"https:\/\/spunkycrows.be\/?page_id=545"},"modified":"2024-12-06T18:43:50","modified_gmt":"2024-12-06T17:43:50","slug":"dons","status":"publish","type":"page","link":"https:\/\/spunkycrows.be\/?page_id=545","title":{"rendered":"Dons"},"content":{"rendered":"<p>Parce que nous avons aussi besoin de vous pour subsister dans nos actions d&rsquo;aide et de g\u00e9n\u00e9rosit\u00e9 pour la pr\u00e9paration de nos \u00e9v\u00e8nements, vous pouvez d\u00e8s \u00e0 pr\u00e9sent faire un dons pour notre association. <\/p><p>50% des dons seront revers\u00e9s \u00e0 nos prochaines actions, le reste servira \u00e0 financer le club et \u00e0 pr\u00e9parer les prochains \u00e9v\u00e8nements.<\/p><p>Nous rappelons \u00e0 tous que notre club s&rsquo;autofinance gr\u00e2ce \u00e0 ses membres et aux dons qui nous sont revers\u00e9s et pour cela, MERCI \u00e0 vous !<\/p><p class=\"has-text-align-center\">Scannez le QR code ci dessous via votre application bancaire ! \ud83d\ude09<\/p><div class=\"wp-block-image\"><figure class=\"aligncenter size-full is-resized\"><img data-recalc-dims=\"1\" loading=\"lazy\" decoding=\"async\" width=\"480\" height=\"477\" src=\"https:\/\/i0.wp.com\/spunkycrows.be\/wp-content\/uploads\/2024\/12\/slip-image-anonymous.png?resize=480%2C477&#038;ssl=1\" alt=\"\" class=\"wp-image-546\" style=\"width:273px;height:auto\" srcset=\"https:\/\/i0.wp.com\/spunkycrows.be\/wp-content\/uploads\/2024\/12\/slip-image-anonymous.png?w=480&amp;ssl=1 480w, https:\/\/i0.wp.com\/spunkycrows.be\/wp-content\/uploads\/2024\/12\/slip-image-anonymous.png?resize=300%2C298&amp;ssl=1 300w, https:\/\/i0.wp.com\/spunkycrows.be\/wp-content\/uploads\/2024\/12\/slip-image-anonymous.png?resize=150%2C150&amp;ssl=1 150w, https:\/\/i0.wp.com\/spunkycrows.be\/wp-content\/uploads\/2024\/12\/slip-image-anonymous.png?resize=100%2C100&amp;ssl=1 100w, https:\/\/i0.wp.com\/spunkycrows.be\/wp-content\/uploads\/2024\/12\/slip-image-anonymous.png?resize=350%2C348&amp;ssl=1 350w\" sizes=\"auto, (max-width: 480px) 100vw, 480px\" \/><\/figure><\/div><p class=\"has-text-align-center\"><em>Nous pr\u00e9cisons que nous ne pouvons d\u00e9livrer d&rsquo;attestation fiscale ne nous trouvant pas dans la liste des associations <strong>agr\u00e9\u00e9es<\/strong>.<\/em><\/p>","protected":false},"excerpt":{"rendered":"<p>Parce que nous avons aussi besoin de vous pour subsister dans nos actions d&rsquo;aide et de g\u00e9n\u00e9rosit\u00e9 pour la pr\u00e9paration de nos \u00e9v\u00e8nements, vous pouvez d\u00e8s \u00e0 pr\u00e9sent faire un dons pour notre association. 50% des dons seront revers\u00e9s \u00e0 nos prochaines actions, le reste servira \u00e0 financer le club et \u00e0 pr\u00e9parer les prochains &hellip; <\/p>\n<p class=\"link-more\"><a href=\"https:\/\/spunkycrows.be\/?page_id=545\" class=\"more-link\">Continuer la lecture<span class=\"screen-reader-text\"> de &laquo;&nbsp;Dons&nbsp;&raquo;<\/span><\/a><\/p>\n","protected":false},"author":5,"featured_media":0,"parent":0,"menu_order":0,"comment_status":"closed","ping_status":"closed","template":"","meta":{"advanced_seo_description":"","jetpack_seo_html_title":"","jetpack_seo_noindex":false,"footnotes":""},"class_list":["post-545","page","type-page","status-publish","hentry"],"jetpack_sharing_enabled":true,"_links":{"self":[{"href":"https:\/\/spunkycrows.be\/index.php?rest_route=\/wp\/v2\/pages\/545","targetHints":{"allow":["GET"]}}],"collection":[{"href":"https:\/\/spunkycrows.be\/index.php?rest_route=\/wp\/v2\/pages"}],"about":[{"href":"https:\/\/spunkycrows.be\/index.php?rest_route=\/wp\/v2\/types\/page"}],"author":[{"embeddable":true,"href":"https:\/\/spunkycrows.be\/index.php?rest_route=\/wp\/v2\/users\/5"}],"replies":[{"embeddable":true,"href":"https:\/\/spunkycrows.be\/index.php?rest_route=%2Fwp%2Fv2%2Fcomments&post=545"}],"version-history":[{"count":6,"href":"https:\/\/spunkycrows.be\/index.php?rest_route=\/wp\/v2\/pages\/545\/revisions"}],"predecessor-version":[{"id":561,"href":"https:\/\/spunkycrows.be\/index.php?rest_route=\/wp\/v2\/pages\/545\/revisions\/561"}],"wp:attachment":[{"href":"https:\/\/spunkycrows.be\/index.php?rest_route=%2Fwp%2Fv2%2Fmedia&parent=545"}],"curies":[{"name":"wp","href":"https:\/\/api.w.org\/{rel}","templated":true}]}}