{"id":529,"date":"2024-12-05T19:11:01","date_gmt":"2024-12-05T18:11:01","guid":{"rendered":"https:\/\/spunkycrows.be\/?page_id=529"},"modified":"2024-12-06T18:40:05","modified_gmt":"2024-12-06T17:40:05","slug":"agenda","status":"publish","type":"page","link":"https:\/\/spunkycrows.be\/?page_id=529","title":{"rendered":"Agenda"},"content":{"rendered":"<p>Vous pouvez retrouver tous nos \u00e9v\u00e8nements pass\u00e9s et \u00e0 venir en suivant le lien <strong><a href=\"https:\/\/www.facebook.com\/SpunkyCrowsBelgiumCBMC\/events\">ici<\/a> <\/strong>qui vous redirigera vers notre page Facebook. Merci.<\/p><div class=\"wp-block-image\"><figure class=\"aligncenter size-large is-resized\"><a href=\"https:\/\/www.facebook.com\/SpunkyCrowsBelgiumCBMC\/events\"><img data-recalc-dims=\"1\" loading=\"lazy\" decoding=\"async\" width=\"525\" height=\"787\" src=\"https:\/\/i0.wp.com\/spunkycrows.be\/wp-content\/uploads\/2024\/12\/468409859_882862043992099_4515393895030384128_n-683x1024.jpg?resize=525%2C787&#038;ssl=1\" alt=\"\" class=\"wp-image-536\" style=\"width:370px;height:auto\" srcset=\"https:\/\/i0.wp.com\/spunkycrows.be\/wp-content\/uploads\/2024\/12\/468409859_882862043992099_4515393895030384128_n.jpg?resize=683%2C1024&amp;ssl=1 683w, https:\/\/i0.wp.com\/spunkycrows.be\/wp-content\/uploads\/2024\/12\/468409859_882862043992099_4515393895030384128_n.jpg?resize=200%2C300&amp;ssl=1 200w, https:\/\/i0.wp.com\/spunkycrows.be\/wp-content\/uploads\/2024\/12\/468409859_882862043992099_4515393895030384128_n.jpg?resize=768%2C1152&amp;ssl=1 768w, https:\/\/i0.wp.com\/spunkycrows.be\/wp-content\/uploads\/2024\/12\/468409859_882862043992099_4515393895030384128_n.jpg?resize=1024%2C1536&amp;ssl=1 1024w, https:\/\/i0.wp.com\/spunkycrows.be\/wp-content\/uploads\/2024\/12\/468409859_882862043992099_4515393895030384128_n.jpg?resize=350%2C525&amp;ssl=1 350w, https:\/\/i0.wp.com\/spunkycrows.be\/wp-content\/uploads\/2024\/12\/468409859_882862043992099_4515393895030384128_n.jpg?w=1365&amp;ssl=1 1365w\" sizes=\"auto, (max-width: 525px) 100vw, 525px\" \/><\/a><\/figure><\/div>","protected":false},"excerpt":{"rendered":"<p>Vous pouvez retrouver tous nos \u00e9v\u00e8nements pass\u00e9s et \u00e0 venir en suivant le lien ici qui vous redirigera vers notre page Facebook. Merci.<\/p>\n","protected":false},"author":5,"featured_media":0,"parent":0,"menu_order":0,"comment_status":"closed","ping_status":"closed","template":"","meta":{"advanced_seo_description":"","jetpack_seo_html_title":"","jetpack_seo_noindex":false,"footnotes":""},"class_list":["post-529","page","type-page","status-publish","hentry"],"jetpack_sharing_enabled":true,"_links":{"self":[{"href":"https:\/\/spunkycrows.be\/index.php?rest_route=\/wp\/v2\/pages\/529","targetHints":{"allow":["GET"]}}],"collection":[{"href":"https:\/\/spunkycrows.be\/index.php?rest_route=\/wp\/v2\/pages"}],"about":[{"href":"https:\/\/spunkycrows.be\/index.php?rest_route=\/wp\/v2\/types\/page"}],"author":[{"embeddable":true,"href":"https:\/\/spunkycrows.be\/index.php?rest_route=\/wp\/v2\/users\/5"}],"replies":[{"embeddable":true,"href":"https:\/\/spunkycrows.be\/index.php?rest_route=%2Fwp%2Fv2%2Fcomments&post=529"}],"version-history":[{"count":6,"href":"https:\/\/spunkycrows.be\/index.php?rest_route=\/wp\/v2\/pages\/529\/revisions"}],"predecessor-version":[{"id":559,"href":"https:\/\/spunkycrows.be\/index.php?rest_route=\/wp\/v2\/pages\/529\/revisions\/559"}],"wp:attachment":[{"href":"https:\/\/spunkycrows.be\/index.php?rest_route=%2Fwp%2Fv2%2Fmedia&parent=529"}],"curies":[{"name":"wp","href":"https:\/\/api.w.org\/{rel}","templated":true}]}}