{"id":417,"date":"2024-10-10T20:49:17","date_gmt":"2024-10-10T18:49:17","guid":{"rendered":"https:\/\/spunkycrows.be\/?page_id=417"},"modified":"2024-10-10T20:49:17","modified_gmt":"2024-10-10T18:49:17","slug":"balade-et-evenements-locaux","status":"publish","type":"page","link":"https:\/\/spunkycrows.be\/?page_id=417","title":{"rendered":"Balade et \u00e9v\u00e8nements locaux"},"content":{"rendered":"<p>Il  arrive r\u00e9guli\u00e8rement que les Spunky Crows Belgium CB.MC soient requis par des commerces locaux afin d&rsquo;organiser un \u00e9v\u00e8nement ou de les aider \u00e0 organiser\/encadrer une balade moto. <\/p><p>Nous nous engageons pleinement \u00e0 fournir ce soutien quand  il nous est possible de le faire. Voici quelques photos des derniers en liste, porte ouverte d&rsquo;un garage, d&rsquo;une carrosserie, etc.<\/p><figure class=\"wp-block-image size-large\"><img data-recalc-dims=\"1\" loading=\"lazy\" decoding=\"async\" width=\"525\" height=\"933\" src=\"https:\/\/i0.wp.com\/spunkycrows.be\/wp-content\/uploads\/2024\/10\/Black-Red-SImple-Photo-Motocross-Championship-Instagram-Story_20241010_103500_0000-576x1024.png?resize=525%2C933&#038;ssl=1\" alt=\"\" class=\"wp-image-418\" srcset=\"https:\/\/i0.wp.com\/spunkycrows.be\/wp-content\/uploads\/2024\/10\/Black-Red-SImple-Photo-Motocross-Championship-Instagram-Story_20241010_103500_0000.png?resize=576%2C1024&amp;ssl=1 576w, https:\/\/i0.wp.com\/spunkycrows.be\/wp-content\/uploads\/2024\/10\/Black-Red-SImple-Photo-Motocross-Championship-Instagram-Story_20241010_103500_0000.png?resize=169%2C300&amp;ssl=1 169w, https:\/\/i0.wp.com\/spunkycrows.be\/wp-content\/uploads\/2024\/10\/Black-Red-SImple-Photo-Motocross-Championship-Instagram-Story_20241010_103500_0000.png?resize=768%2C1365&amp;ssl=1 768w, https:\/\/i0.wp.com\/spunkycrows.be\/wp-content\/uploads\/2024\/10\/Black-Red-SImple-Photo-Motocross-Championship-Instagram-Story_20241010_103500_0000.png?resize=864%2C1536&amp;ssl=1 864w, https:\/\/i0.wp.com\/spunkycrows.be\/wp-content\/uploads\/2024\/10\/Black-Red-SImple-Photo-Motocross-Championship-Instagram-Story_20241010_103500_0000.png?resize=350%2C622&amp;ssl=1 350w, https:\/\/i0.wp.com\/spunkycrows.be\/wp-content\/uploads\/2024\/10\/Black-Red-SImple-Photo-Motocross-Championship-Instagram-Story_20241010_103500_0000.png?w=1080&amp;ssl=1 1080w\" sizes=\"auto, (max-width: 525px) 100vw, 525px\" \/><\/figure><figure class=\"wp-block-gallery has-nested-images columns-default is-cropped wp-block-gallery-1 is-layout-flex wp-block-gallery-is-layout-flex\"><figure class=\"wp-block-image size-large\"><img data-recalc-dims=\"1\" loading=\"lazy\" decoding=\"async\" width=\"525\" height=\"394\" data-id=\"420\" src=\"https:\/\/i0.wp.com\/spunkycrows.be\/wp-content\/uploads\/2024\/10\/IMG-20240226-WA0015-1024x768.jpg?resize=525%2C394&#038;ssl=1\" alt=\"\" class=\"wp-image-420\" srcset=\"https:\/\/i0.wp.com\/spunkycrows.be\/wp-content\/uploads\/2024\/10\/IMG-20240226-WA0015.jpg?resize=1024%2C768&amp;ssl=1 1024w, https:\/\/i0.wp.com\/spunkycrows.be\/wp-content\/uploads\/2024\/10\/IMG-20240226-WA0015.jpg?resize=300%2C225&amp;ssl=1 300w, https:\/\/i0.wp.com\/spunkycrows.be\/wp-content\/uploads\/2024\/10\/IMG-20240226-WA0015.jpg?resize=768%2C576&amp;ssl=1 768w, https:\/\/i0.wp.com\/spunkycrows.be\/wp-content\/uploads\/2024\/10\/IMG-20240226-WA0015.jpg?resize=1536%2C1152&amp;ssl=1 1536w, https:\/\/i0.wp.com\/spunkycrows.be\/wp-content\/uploads\/2024\/10\/IMG-20240226-WA0015.jpg?resize=350%2C263&amp;ssl=1 350w, https:\/\/i0.wp.com\/spunkycrows.be\/wp-content\/uploads\/2024\/10\/IMG-20240226-WA0015.jpg?w=2000&amp;ssl=1 2000w\" sizes=\"auto, (max-width: 706px) 89vw, (max-width: 767px) 82vw, 740px\" \/><\/figure>\n\n<figure class=\"wp-block-image size-large\"><img data-recalc-dims=\"1\" loading=\"lazy\" decoding=\"async\" width=\"525\" height=\"394\" data-id=\"422\" src=\"https:\/\/i0.wp.com\/spunkycrows.be\/wp-content\/uploads\/2024\/10\/IMG-20240226-WA0019-1024x768.jpg?resize=525%2C394&#038;ssl=1\" alt=\"\" class=\"wp-image-422\" srcset=\"https:\/\/i0.wp.com\/spunkycrows.be\/wp-content\/uploads\/2024\/10\/IMG-20240226-WA0019.jpg?resize=1024%2C768&amp;ssl=1 1024w, https:\/\/i0.wp.com\/spunkycrows.be\/wp-content\/uploads\/2024\/10\/IMG-20240226-WA0019.jpg?resize=300%2C225&amp;ssl=1 300w, https:\/\/i0.wp.com\/spunkycrows.be\/wp-content\/uploads\/2024\/10\/IMG-20240226-WA0019.jpg?resize=768%2C576&amp;ssl=1 768w, https:\/\/i0.wp.com\/spunkycrows.be\/wp-content\/uploads\/2024\/10\/IMG-20240226-WA0019.jpg?resize=1536%2C1152&amp;ssl=1 1536w, https:\/\/i0.wp.com\/spunkycrows.be\/wp-content\/uploads\/2024\/10\/IMG-20240226-WA0019.jpg?resize=350%2C263&amp;ssl=1 350w, https:\/\/i0.wp.com\/spunkycrows.be\/wp-content\/uploads\/2024\/10\/IMG-20240226-WA0019.jpg?w=2000&amp;ssl=1 2000w\" sizes=\"auto, (max-width: 706px) 89vw, (max-width: 767px) 82vw, 740px\" \/><\/figure>\n\n<figure class=\"wp-block-image size-large\"><img data-recalc-dims=\"1\" loading=\"lazy\" decoding=\"async\" width=\"525\" height=\"394\" data-id=\"423\" src=\"https:\/\/i0.wp.com\/spunkycrows.be\/wp-content\/uploads\/2024\/10\/IMG-20240225-WA0014-1024x768.jpg?resize=525%2C394&#038;ssl=1\" alt=\"\" class=\"wp-image-423\" srcset=\"https:\/\/i0.wp.com\/spunkycrows.be\/wp-content\/uploads\/2024\/10\/IMG-20240225-WA0014.jpg?resize=1024%2C768&amp;ssl=1 1024w, https:\/\/i0.wp.com\/spunkycrows.be\/wp-content\/uploads\/2024\/10\/IMG-20240225-WA0014.jpg?resize=300%2C225&amp;ssl=1 300w, https:\/\/i0.wp.com\/spunkycrows.be\/wp-content\/uploads\/2024\/10\/IMG-20240225-WA0014.jpg?resize=768%2C576&amp;ssl=1 768w, https:\/\/i0.wp.com\/spunkycrows.be\/wp-content\/uploads\/2024\/10\/IMG-20240225-WA0014.jpg?resize=1536%2C1152&amp;ssl=1 1536w, https:\/\/i0.wp.com\/spunkycrows.be\/wp-content\/uploads\/2024\/10\/IMG-20240225-WA0014.jpg?resize=350%2C263&amp;ssl=1 350w, https:\/\/i0.wp.com\/spunkycrows.be\/wp-content\/uploads\/2024\/10\/IMG-20240225-WA0014.jpg?w=2048&amp;ssl=1 2048w\" sizes=\"auto, (max-width: 706px) 89vw, (max-width: 767px) 82vw, 740px\" \/><\/figure>\n\n<figure class=\"wp-block-image size-large\"><img data-recalc-dims=\"1\" loading=\"lazy\" decoding=\"async\" width=\"525\" height=\"394\" data-id=\"421\" src=\"https:\/\/i0.wp.com\/spunkycrows.be\/wp-content\/uploads\/2024\/10\/IMG-20240225-WA0027-1024x768.jpg?resize=525%2C394&#038;ssl=1\" alt=\"\" class=\"wp-image-421\" srcset=\"https:\/\/i0.wp.com\/spunkycrows.be\/wp-content\/uploads\/2024\/10\/IMG-20240225-WA0027.jpg?resize=1024%2C768&amp;ssl=1 1024w, https:\/\/i0.wp.com\/spunkycrows.be\/wp-content\/uploads\/2024\/10\/IMG-20240225-WA0027.jpg?resize=300%2C225&amp;ssl=1 300w, https:\/\/i0.wp.com\/spunkycrows.be\/wp-content\/uploads\/2024\/10\/IMG-20240225-WA0027.jpg?resize=768%2C576&amp;ssl=1 768w, https:\/\/i0.wp.com\/spunkycrows.be\/wp-content\/uploads\/2024\/10\/IMG-20240225-WA0027.jpg?resize=1536%2C1152&amp;ssl=1 1536w, https:\/\/i0.wp.com\/spunkycrows.be\/wp-content\/uploads\/2024\/10\/IMG-20240225-WA0027.jpg?resize=350%2C263&amp;ssl=1 350w, https:\/\/i0.wp.com\/spunkycrows.be\/wp-content\/uploads\/2024\/10\/IMG-20240225-WA0027.jpg?w=1600&amp;ssl=1 1600w\" sizes=\"auto, (max-width: 706px) 89vw, (max-width: 767px) 82vw, 740px\" \/><\/figure>\n\n<figure class=\"wp-block-image size-large\"><img data-recalc-dims=\"1\" loading=\"lazy\" decoding=\"async\" width=\"525\" height=\"394\" data-id=\"424\" src=\"https:\/\/i0.wp.com\/spunkycrows.be\/wp-content\/uploads\/2024\/10\/IMG-20240226-WA0007-1024x768.jpg?resize=525%2C394&#038;ssl=1\" alt=\"\" class=\"wp-image-424\" srcset=\"https:\/\/i0.wp.com\/spunkycrows.be\/wp-content\/uploads\/2024\/10\/IMG-20240226-WA0007.jpg?resize=1024%2C768&amp;ssl=1 1024w, https:\/\/i0.wp.com\/spunkycrows.be\/wp-content\/uploads\/2024\/10\/IMG-20240226-WA0007.jpg?resize=300%2C225&amp;ssl=1 300w, https:\/\/i0.wp.com\/spunkycrows.be\/wp-content\/uploads\/2024\/10\/IMG-20240226-WA0007.jpg?resize=768%2C576&amp;ssl=1 768w, https:\/\/i0.wp.com\/spunkycrows.be\/wp-content\/uploads\/2024\/10\/IMG-20240226-WA0007.jpg?resize=1536%2C1152&amp;ssl=1 1536w, https:\/\/i0.wp.com\/spunkycrows.be\/wp-content\/uploads\/2024\/10\/IMG-20240226-WA0007.jpg?resize=350%2C263&amp;ssl=1 350w, https:\/\/i0.wp.com\/spunkycrows.be\/wp-content\/uploads\/2024\/10\/IMG-20240226-WA0007.jpg?w=2000&amp;ssl=1 2000w\" sizes=\"auto, (max-width: 706px) 89vw, (max-width: 767px) 82vw, 740px\" \/><\/figure>\n\n<figure class=\"wp-block-image size-large\"><img data-recalc-dims=\"1\" loading=\"lazy\" decoding=\"async\" width=\"525\" height=\"394\" data-id=\"426\" src=\"https:\/\/i0.wp.com\/spunkycrows.be\/wp-content\/uploads\/2024\/10\/IMG-20240226-WA0008-1024x768.jpg?resize=525%2C394&#038;ssl=1\" alt=\"\" class=\"wp-image-426\" srcset=\"https:\/\/i0.wp.com\/spunkycrows.be\/wp-content\/uploads\/2024\/10\/IMG-20240226-WA0008.jpg?resize=1024%2C768&amp;ssl=1 1024w, https:\/\/i0.wp.com\/spunkycrows.be\/wp-content\/uploads\/2024\/10\/IMG-20240226-WA0008.jpg?resize=300%2C225&amp;ssl=1 300w, https:\/\/i0.wp.com\/spunkycrows.be\/wp-content\/uploads\/2024\/10\/IMG-20240226-WA0008.jpg?resize=768%2C576&amp;ssl=1 768w, https:\/\/i0.wp.com\/spunkycrows.be\/wp-content\/uploads\/2024\/10\/IMG-20240226-WA0008.jpg?resize=1536%2C1152&amp;ssl=1 1536w, https:\/\/i0.wp.com\/spunkycrows.be\/wp-content\/uploads\/2024\/10\/IMG-20240226-WA0008.jpg?resize=350%2C263&amp;ssl=1 350w, https:\/\/i0.wp.com\/spunkycrows.be\/wp-content\/uploads\/2024\/10\/IMG-20240226-WA0008.jpg?w=2000&amp;ssl=1 2000w\" sizes=\"auto, (max-width: 706px) 89vw, (max-width: 767px) 82vw, 740px\" \/><\/figure>\n\n<figure class=\"wp-block-image size-large\"><img data-recalc-dims=\"1\" loading=\"lazy\" decoding=\"async\" width=\"525\" height=\"394\" data-id=\"425\" src=\"https:\/\/i0.wp.com\/spunkycrows.be\/wp-content\/uploads\/2024\/10\/IMG-20240226-WA0013-1024x768.jpg?resize=525%2C394&#038;ssl=1\" alt=\"\" class=\"wp-image-425\" srcset=\"https:\/\/i0.wp.com\/spunkycrows.be\/wp-content\/uploads\/2024\/10\/IMG-20240226-WA0013.jpg?resize=1024%2C768&amp;ssl=1 1024w, https:\/\/i0.wp.com\/spunkycrows.be\/wp-content\/uploads\/2024\/10\/IMG-20240226-WA0013.jpg?resize=300%2C225&amp;ssl=1 300w, https:\/\/i0.wp.com\/spunkycrows.be\/wp-content\/uploads\/2024\/10\/IMG-20240226-WA0013.jpg?resize=768%2C576&amp;ssl=1 768w, https:\/\/i0.wp.com\/spunkycrows.be\/wp-content\/uploads\/2024\/10\/IMG-20240226-WA0013.jpg?resize=1536%2C1152&amp;ssl=1 1536w, https:\/\/i0.wp.com\/spunkycrows.be\/wp-content\/uploads\/2024\/10\/IMG-20240226-WA0013.jpg?resize=350%2C263&amp;ssl=1 350w, https:\/\/i0.wp.com\/spunkycrows.be\/wp-content\/uploads\/2024\/10\/IMG-20240226-WA0013.jpg?w=2000&amp;ssl=1 2000w\" sizes=\"auto, (max-width: 706px) 89vw, (max-width: 767px) 82vw, 740px\" \/><\/figure>\n\n<figure class=\"wp-block-image size-large\"><img data-recalc-dims=\"1\" loading=\"lazy\" decoding=\"async\" width=\"525\" height=\"394\" data-id=\"427\" src=\"https:\/\/i0.wp.com\/spunkycrows.be\/wp-content\/uploads\/2024\/10\/IMG-20240226-WA0014-1024x768.jpg?resize=525%2C394&#038;ssl=1\" alt=\"\" class=\"wp-image-427\" srcset=\"https:\/\/i0.wp.com\/spunkycrows.be\/wp-content\/uploads\/2024\/10\/IMG-20240226-WA0014.jpg?resize=1024%2C768&amp;ssl=1 1024w, https:\/\/i0.wp.com\/spunkycrows.be\/wp-content\/uploads\/2024\/10\/IMG-20240226-WA0014.jpg?resize=300%2C225&amp;ssl=1 300w, https:\/\/i0.wp.com\/spunkycrows.be\/wp-content\/uploads\/2024\/10\/IMG-20240226-WA0014.jpg?resize=768%2C576&amp;ssl=1 768w, https:\/\/i0.wp.com\/spunkycrows.be\/wp-content\/uploads\/2024\/10\/IMG-20240226-WA0014.jpg?resize=1536%2C1152&amp;ssl=1 1536w, https:\/\/i0.wp.com\/spunkycrows.be\/wp-content\/uploads\/2024\/10\/IMG-20240226-WA0014.jpg?resize=350%2C263&amp;ssl=1 350w, https:\/\/i0.wp.com\/spunkycrows.be\/wp-content\/uploads\/2024\/10\/IMG-20240226-WA0014.jpg?w=2000&amp;ssl=1 2000w\" sizes=\"auto, (max-width: 706px) 89vw, (max-width: 767px) 82vw, 740px\" \/><\/figure><\/figure><figure class=\"wp-block-image size-large\"><img data-recalc-dims=\"1\" loading=\"lazy\" decoding=\"async\" width=\"525\" height=\"734\" src=\"https:\/\/i0.wp.com\/spunkycrows.be\/wp-content\/uploads\/2024\/10\/448750367_779724284305876_4230833668292803282_n-1-732x1024.jpg?resize=525%2C734&#038;ssl=1\" alt=\"\" class=\"wp-image-446\" srcset=\"https:\/\/i0.wp.com\/spunkycrows.be\/wp-content\/uploads\/2024\/10\/448750367_779724284305876_4230833668292803282_n-1.jpg?resize=732%2C1024&amp;ssl=1 732w, https:\/\/i0.wp.com\/spunkycrows.be\/wp-content\/uploads\/2024\/10\/448750367_779724284305876_4230833668292803282_n-1.jpg?resize=215%2C300&amp;ssl=1 215w, https:\/\/i0.wp.com\/spunkycrows.be\/wp-content\/uploads\/2024\/10\/448750367_779724284305876_4230833668292803282_n-1.jpg?resize=768%2C1074&amp;ssl=1 768w, https:\/\/i0.wp.com\/spunkycrows.be\/wp-content\/uploads\/2024\/10\/448750367_779724284305876_4230833668292803282_n-1.jpg?resize=350%2C489&amp;ssl=1 350w, https:\/\/i0.wp.com\/spunkycrows.be\/wp-content\/uploads\/2024\/10\/448750367_779724284305876_4230833668292803282_n-1.jpg?w=961&amp;ssl=1 961w\" sizes=\"auto, (max-width: 525px) 100vw, 525px\" \/><\/figure><figure class=\"wp-block-gallery has-nested-images columns-default is-cropped wp-block-gallery-2 is-layout-flex wp-block-gallery-is-layout-flex\"><figure class=\"wp-block-image size-large\"><img data-recalc-dims=\"1\" loading=\"lazy\" decoding=\"async\" width=\"525\" height=\"296\" data-id=\"442\" src=\"https:\/\/i0.wp.com\/spunkycrows.be\/wp-content\/uploads\/2024\/10\/IMG-20240714-WA0022-1-1024x577.jpg?resize=525%2C296&#038;ssl=1\" alt=\"\" class=\"wp-image-442\" srcset=\"https:\/\/i0.wp.com\/spunkycrows.be\/wp-content\/uploads\/2024\/10\/IMG-20240714-WA0022-1.jpg?resize=1024%2C577&amp;ssl=1 1024w, https:\/\/i0.wp.com\/spunkycrows.be\/wp-content\/uploads\/2024\/10\/IMG-20240714-WA0022-1.jpg?resize=300%2C169&amp;ssl=1 300w, https:\/\/i0.wp.com\/spunkycrows.be\/wp-content\/uploads\/2024\/10\/IMG-20240714-WA0022-1.jpg?resize=768%2C432&amp;ssl=1 768w, https:\/\/i0.wp.com\/spunkycrows.be\/wp-content\/uploads\/2024\/10\/IMG-20240714-WA0022-1.jpg?resize=1536%2C865&amp;ssl=1 1536w, https:\/\/i0.wp.com\/spunkycrows.be\/wp-content\/uploads\/2024\/10\/IMG-20240714-WA0022-1.jpg?resize=350%2C197&amp;ssl=1 350w, https:\/\/i0.wp.com\/spunkycrows.be\/wp-content\/uploads\/2024\/10\/IMG-20240714-WA0022-1.jpg?w=2000&amp;ssl=1 2000w\" sizes=\"auto, (max-width: 706px) 89vw, (max-width: 767px) 82vw, 740px\" \/><\/figure>\n\n<figure class=\"wp-block-image size-large\"><img data-recalc-dims=\"1\" loading=\"lazy\" decoding=\"async\" width=\"525\" height=\"932\" data-id=\"438\" src=\"https:\/\/i0.wp.com\/spunkycrows.be\/wp-content\/uploads\/2024\/10\/IMG-20240714-WA0024-1-577x1024.jpg?resize=525%2C932&#038;ssl=1\" alt=\"\" class=\"wp-image-438\" srcset=\"https:\/\/i0.wp.com\/spunkycrows.be\/wp-content\/uploads\/2024\/10\/IMG-20240714-WA0024-1.jpg?resize=577%2C1024&amp;ssl=1 577w, https:\/\/i0.wp.com\/spunkycrows.be\/wp-content\/uploads\/2024\/10\/IMG-20240714-WA0024-1.jpg?resize=169%2C300&amp;ssl=1 169w, https:\/\/i0.wp.com\/spunkycrows.be\/wp-content\/uploads\/2024\/10\/IMG-20240714-WA0024-1.jpg?resize=768%2C1364&amp;ssl=1 768w, https:\/\/i0.wp.com\/spunkycrows.be\/wp-content\/uploads\/2024\/10\/IMG-20240714-WA0024-1.jpg?resize=865%2C1536&amp;ssl=1 865w, https:\/\/i0.wp.com\/spunkycrows.be\/wp-content\/uploads\/2024\/10\/IMG-20240714-WA0024-1.jpg?resize=350%2C622&amp;ssl=1 350w, https:\/\/i0.wp.com\/spunkycrows.be\/wp-content\/uploads\/2024\/10\/IMG-20240714-WA0024-1.jpg?w=1126&amp;ssl=1 1126w, https:\/\/i0.wp.com\/spunkycrows.be\/wp-content\/uploads\/2024\/10\/IMG-20240714-WA0024-1.jpg?w=1050 1050w\" sizes=\"auto, (max-width: 525px) 100vw, 525px\" \/><\/figure>\n\n<figure class=\"wp-block-image size-large\"><img data-recalc-dims=\"1\" loading=\"lazy\" decoding=\"async\" width=\"525\" height=\"295\" data-id=\"440\" src=\"https:\/\/i0.wp.com\/spunkycrows.be\/wp-content\/uploads\/2024\/10\/IMG-20240714-WA0001-1-1024x576.jpg?resize=525%2C295&#038;ssl=1\" alt=\"\" class=\"wp-image-440\" srcset=\"https:\/\/i0.wp.com\/spunkycrows.be\/wp-content\/uploads\/2024\/10\/IMG-20240714-WA0001-1.jpg?resize=1024%2C576&amp;ssl=1 1024w, https:\/\/i0.wp.com\/spunkycrows.be\/wp-content\/uploads\/2024\/10\/IMG-20240714-WA0001-1.jpg?resize=300%2C169&amp;ssl=1 300w, https:\/\/i0.wp.com\/spunkycrows.be\/wp-content\/uploads\/2024\/10\/IMG-20240714-WA0001-1.jpg?resize=768%2C432&amp;ssl=1 768w, https:\/\/i0.wp.com\/spunkycrows.be\/wp-content\/uploads\/2024\/10\/IMG-20240714-WA0001-1.jpg?resize=1536%2C864&amp;ssl=1 1536w, https:\/\/i0.wp.com\/spunkycrows.be\/wp-content\/uploads\/2024\/10\/IMG-20240714-WA0001-1.jpg?resize=350%2C197&amp;ssl=1 350w, https:\/\/i0.wp.com\/spunkycrows.be\/wp-content\/uploads\/2024\/10\/IMG-20240714-WA0001-1.jpg?w=2016&amp;ssl=1 2016w\" sizes=\"auto, (max-width: 706px) 89vw, (max-width: 767px) 82vw, 740px\" \/><\/figure>\n\n<figure class=\"wp-block-image size-large\"><img data-recalc-dims=\"1\" loading=\"lazy\" decoding=\"async\" width=\"525\" height=\"933\" data-id=\"443\" src=\"https:\/\/i0.wp.com\/spunkycrows.be\/wp-content\/uploads\/2024\/10\/IMG-20240714-WA0004-1-576x1024.jpg?resize=525%2C933&#038;ssl=1\" alt=\"\" class=\"wp-image-443\" srcset=\"https:\/\/i0.wp.com\/spunkycrows.be\/wp-content\/uploads\/2024\/10\/IMG-20240714-WA0004-1.jpg?resize=576%2C1024&amp;ssl=1 576w, https:\/\/i0.wp.com\/spunkycrows.be\/wp-content\/uploads\/2024\/10\/IMG-20240714-WA0004-1.jpg?resize=169%2C300&amp;ssl=1 169w, https:\/\/i0.wp.com\/spunkycrows.be\/wp-content\/uploads\/2024\/10\/IMG-20240714-WA0004-1.jpg?resize=768%2C1365&amp;ssl=1 768w, https:\/\/i0.wp.com\/spunkycrows.be\/wp-content\/uploads\/2024\/10\/IMG-20240714-WA0004-1.jpg?resize=864%2C1536&amp;ssl=1 864w, https:\/\/i0.wp.com\/spunkycrows.be\/wp-content\/uploads\/2024\/10\/IMG-20240714-WA0004-1.jpg?resize=350%2C622&amp;ssl=1 350w, https:\/\/i0.wp.com\/spunkycrows.be\/wp-content\/uploads\/2024\/10\/IMG-20240714-WA0004-1.jpg?w=1134&amp;ssl=1 1134w, https:\/\/i0.wp.com\/spunkycrows.be\/wp-content\/uploads\/2024\/10\/IMG-20240714-WA0004-1.jpg?w=1050 1050w\" sizes=\"auto, (max-width: 525px) 100vw, 525px\" \/><\/figure>\n\n<figure class=\"wp-block-image size-large\"><img data-recalc-dims=\"1\" loading=\"lazy\" decoding=\"async\" width=\"525\" height=\"295\" data-id=\"445\" src=\"https:\/\/i0.wp.com\/spunkycrows.be\/wp-content\/uploads\/2024\/10\/IMG-20240714-WA0006-1-1024x576.jpg?resize=525%2C295&#038;ssl=1\" alt=\"\" class=\"wp-image-445\" srcset=\"https:\/\/i0.wp.com\/spunkycrows.be\/wp-content\/uploads\/2024\/10\/IMG-20240714-WA0006-1.jpg?resize=1024%2C576&amp;ssl=1 1024w, https:\/\/i0.wp.com\/spunkycrows.be\/wp-content\/uploads\/2024\/10\/IMG-20240714-WA0006-1.jpg?resize=300%2C169&amp;ssl=1 300w, https:\/\/i0.wp.com\/spunkycrows.be\/wp-content\/uploads\/2024\/10\/IMG-20240714-WA0006-1.jpg?resize=768%2C432&amp;ssl=1 768w, https:\/\/i0.wp.com\/spunkycrows.be\/wp-content\/uploads\/2024\/10\/IMG-20240714-WA0006-1.jpg?resize=1536%2C864&amp;ssl=1 1536w, https:\/\/i0.wp.com\/spunkycrows.be\/wp-content\/uploads\/2024\/10\/IMG-20240714-WA0006-1.jpg?resize=350%2C197&amp;ssl=1 350w, https:\/\/i0.wp.com\/spunkycrows.be\/wp-content\/uploads\/2024\/10\/IMG-20240714-WA0006-1.jpg?w=1599&amp;ssl=1 1599w\" sizes=\"auto, (max-width: 706px) 89vw, (max-width: 767px) 82vw, 740px\" \/><\/figure>\n\n<figure class=\"wp-block-image size-large\"><img data-recalc-dims=\"1\" loading=\"lazy\" decoding=\"async\" width=\"525\" height=\"295\" data-id=\"437\" src=\"https:\/\/i0.wp.com\/spunkycrows.be\/wp-content\/uploads\/2024\/10\/IMG-20240714-WA0007-1-1024x576.jpg?resize=525%2C295&#038;ssl=1\" alt=\"\" class=\"wp-image-437\" srcset=\"https:\/\/i0.wp.com\/spunkycrows.be\/wp-content\/uploads\/2024\/10\/IMG-20240714-WA0007-1.jpg?resize=1024%2C576&amp;ssl=1 1024w, https:\/\/i0.wp.com\/spunkycrows.be\/wp-content\/uploads\/2024\/10\/IMG-20240714-WA0007-1.jpg?resize=300%2C169&amp;ssl=1 300w, https:\/\/i0.wp.com\/spunkycrows.be\/wp-content\/uploads\/2024\/10\/IMG-20240714-WA0007-1.jpg?resize=768%2C432&amp;ssl=1 768w, https:\/\/i0.wp.com\/spunkycrows.be\/wp-content\/uploads\/2024\/10\/IMG-20240714-WA0007-1.jpg?resize=1536%2C864&amp;ssl=1 1536w, https:\/\/i0.wp.com\/spunkycrows.be\/wp-content\/uploads\/2024\/10\/IMG-20240714-WA0007-1.jpg?resize=350%2C197&amp;ssl=1 350w, https:\/\/i0.wp.com\/spunkycrows.be\/wp-content\/uploads\/2024\/10\/IMG-20240714-WA0007-1.jpg?w=1599&amp;ssl=1 1599w\" sizes=\"auto, (max-width: 706px) 89vw, (max-width: 767px) 82vw, 740px\" \/><\/figure>\n\n<figure class=\"wp-block-image size-large\"><img data-recalc-dims=\"1\" loading=\"lazy\" decoding=\"async\" width=\"525\" height=\"295\" data-id=\"439\" src=\"https:\/\/i0.wp.com\/spunkycrows.be\/wp-content\/uploads\/2024\/10\/IMG-20240714-WA0008-1-1024x576.jpg?resize=525%2C295&#038;ssl=1\" alt=\"\" class=\"wp-image-439\" srcset=\"https:\/\/i0.wp.com\/spunkycrows.be\/wp-content\/uploads\/2024\/10\/IMG-20240714-WA0008-1.jpg?resize=1024%2C576&amp;ssl=1 1024w, https:\/\/i0.wp.com\/spunkycrows.be\/wp-content\/uploads\/2024\/10\/IMG-20240714-WA0008-1.jpg?resize=300%2C169&amp;ssl=1 300w, https:\/\/i0.wp.com\/spunkycrows.be\/wp-content\/uploads\/2024\/10\/IMG-20240714-WA0008-1.jpg?resize=768%2C432&amp;ssl=1 768w, https:\/\/i0.wp.com\/spunkycrows.be\/wp-content\/uploads\/2024\/10\/IMG-20240714-WA0008-1.jpg?resize=1536%2C864&amp;ssl=1 1536w, https:\/\/i0.wp.com\/spunkycrows.be\/wp-content\/uploads\/2024\/10\/IMG-20240714-WA0008-1.jpg?resize=350%2C197&amp;ssl=1 350w, https:\/\/i0.wp.com\/spunkycrows.be\/wp-content\/uploads\/2024\/10\/IMG-20240714-WA0008-1.jpg?w=1599&amp;ssl=1 1599w\" sizes=\"auto, (max-width: 706px) 89vw, (max-width: 767px) 82vw, 740px\" \/><\/figure>\n\n<figure class=\"wp-block-image size-large\"><img data-recalc-dims=\"1\" loading=\"lazy\" decoding=\"async\" width=\"525\" height=\"295\" data-id=\"444\" src=\"https:\/\/i0.wp.com\/spunkycrows.be\/wp-content\/uploads\/2024\/10\/IMG-20240714-WA0009-1-1024x576.jpg?resize=525%2C295&#038;ssl=1\" alt=\"\" class=\"wp-image-444\" srcset=\"https:\/\/i0.wp.com\/spunkycrows.be\/wp-content\/uploads\/2024\/10\/IMG-20240714-WA0009-1.jpg?resize=1024%2C576&amp;ssl=1 1024w, https:\/\/i0.wp.com\/spunkycrows.be\/wp-content\/uploads\/2024\/10\/IMG-20240714-WA0009-1.jpg?resize=300%2C169&amp;ssl=1 300w, https:\/\/i0.wp.com\/spunkycrows.be\/wp-content\/uploads\/2024\/10\/IMG-20240714-WA0009-1.jpg?resize=768%2C432&amp;ssl=1 768w, https:\/\/i0.wp.com\/spunkycrows.be\/wp-content\/uploads\/2024\/10\/IMG-20240714-WA0009-1.jpg?resize=1536%2C864&amp;ssl=1 1536w, https:\/\/i0.wp.com\/spunkycrows.be\/wp-content\/uploads\/2024\/10\/IMG-20240714-WA0009-1.jpg?resize=350%2C197&amp;ssl=1 350w, https:\/\/i0.wp.com\/spunkycrows.be\/wp-content\/uploads\/2024\/10\/IMG-20240714-WA0009-1.jpg?w=1599&amp;ssl=1 1599w\" sizes=\"auto, (max-width: 706px) 89vw, (max-width: 767px) 82vw, 740px\" \/><\/figure>\n\n<figure class=\"wp-block-image size-large\"><img data-recalc-dims=\"1\" loading=\"lazy\" decoding=\"async\" width=\"525\" height=\"933\" data-id=\"447\" src=\"https:\/\/i0.wp.com\/spunkycrows.be\/wp-content\/uploads\/2024\/10\/IMG-20240714-WA0002-576x1024.jpg?resize=525%2C933&#038;ssl=1\" alt=\"\" class=\"wp-image-447\" srcset=\"https:\/\/i0.wp.com\/spunkycrows.be\/wp-content\/uploads\/2024\/10\/IMG-20240714-WA0002.jpg?resize=576%2C1024&amp;ssl=1 576w, https:\/\/i0.wp.com\/spunkycrows.be\/wp-content\/uploads\/2024\/10\/IMG-20240714-WA0002.jpg?resize=169%2C300&amp;ssl=1 169w, https:\/\/i0.wp.com\/spunkycrows.be\/wp-content\/uploads\/2024\/10\/IMG-20240714-WA0002.jpg?resize=768%2C1365&amp;ssl=1 768w, https:\/\/i0.wp.com\/spunkycrows.be\/wp-content\/uploads\/2024\/10\/IMG-20240714-WA0002.jpg?resize=864%2C1536&amp;ssl=1 864w, https:\/\/i0.wp.com\/spunkycrows.be\/wp-content\/uploads\/2024\/10\/IMG-20240714-WA0002.jpg?resize=350%2C622&amp;ssl=1 350w, https:\/\/i0.wp.com\/spunkycrows.be\/wp-content\/uploads\/2024\/10\/IMG-20240714-WA0002.jpg?w=1134&amp;ssl=1 1134w, https:\/\/i0.wp.com\/spunkycrows.be\/wp-content\/uploads\/2024\/10\/IMG-20240714-WA0002.jpg?w=1050 1050w\" sizes=\"auto, (max-width: 525px) 100vw, 525px\" \/><\/figure>\n\n<figure class=\"wp-block-image size-large\"><img data-recalc-dims=\"1\" loading=\"lazy\" decoding=\"async\" width=\"525\" height=\"295\" data-id=\"441\" src=\"https:\/\/i0.wp.com\/spunkycrows.be\/wp-content\/uploads\/2024\/10\/IMG-20240714-WA0010-1-1024x576.jpg?resize=525%2C295&#038;ssl=1\" alt=\"\" class=\"wp-image-441\" srcset=\"https:\/\/i0.wp.com\/spunkycrows.be\/wp-content\/uploads\/2024\/10\/IMG-20240714-WA0010-1.jpg?resize=1024%2C576&amp;ssl=1 1024w, https:\/\/i0.wp.com\/spunkycrows.be\/wp-content\/uploads\/2024\/10\/IMG-20240714-WA0010-1.jpg?resize=300%2C169&amp;ssl=1 300w, https:\/\/i0.wp.com\/spunkycrows.be\/wp-content\/uploads\/2024\/10\/IMG-20240714-WA0010-1.jpg?resize=768%2C432&amp;ssl=1 768w, https:\/\/i0.wp.com\/spunkycrows.be\/wp-content\/uploads\/2024\/10\/IMG-20240714-WA0010-1.jpg?resize=1536%2C864&amp;ssl=1 1536w, https:\/\/i0.wp.com\/spunkycrows.be\/wp-content\/uploads\/2024\/10\/IMG-20240714-WA0010-1.jpg?resize=350%2C197&amp;ssl=1 350w, https:\/\/i0.wp.com\/spunkycrows.be\/wp-content\/uploads\/2024\/10\/IMG-20240714-WA0010-1.jpg?w=1599&amp;ssl=1 1599w\" sizes=\"auto, (max-width: 706px) 89vw, (max-width: 767px) 82vw, 740px\" \/><\/figure><\/figure>","protected":false},"excerpt":{"rendered":"<p>Il arrive r\u00e9guli\u00e8rement que les Spunky Crows Belgium CB.MC soient requis par des commerces locaux afin d&rsquo;organiser un \u00e9v\u00e8nement ou de les aider \u00e0 organiser\/encadrer une balade moto. Nous nous engageons pleinement \u00e0 fournir ce soutien quand il nous est possible de le faire. Voici quelques photos des derniers en liste, porte ouverte d&rsquo;un garage, &hellip; <\/p>\n<p class=\"link-more\"><a href=\"https:\/\/spunkycrows.be\/?page_id=417\" class=\"more-link\">Continuer la lecture<span class=\"screen-reader-text\"> de &laquo;&nbsp;Balade et \u00e9v\u00e8nements locaux&nbsp;&raquo;<\/span><\/a><\/p>\n","protected":false},"author":5,"featured_media":0,"parent":0,"menu_order":0,"comment_status":"closed","ping_status":"closed","template":"","meta":{"advanced_seo_description":"","jetpack_seo_html_title":"","jetpack_seo_noindex":false,"footnotes":""},"class_list":["post-417","page","type-page","status-publish","hentry"],"jetpack_sharing_enabled":true,"_links":{"self":[{"href":"https:\/\/spunkycrows.be\/index.php?rest_route=\/wp\/v2\/pages\/417","targetHints":{"allow":["GET"]}}],"collection":[{"href":"https:\/\/spunkycrows.be\/index.php?rest_route=\/wp\/v2\/pages"}],"about":[{"href":"https:\/\/spunkycrows.be\/index.php?rest_route=\/wp\/v2\/types\/page"}],"author":[{"embeddable":true,"href":"https:\/\/spunkycrows.be\/index.php?rest_route=\/wp\/v2\/users\/5"}],"replies":[{"embeddable":true,"href":"https:\/\/spunkycrows.be\/index.php?rest_route=%2Fwp%2Fv2%2Fcomments&post=417"}],"version-history":[{"count":1,"href":"https:\/\/spunkycrows.be\/index.php?rest_route=\/wp\/v2\/pages\/417\/revisions"}],"predecessor-version":[{"id":448,"href":"https:\/\/spunkycrows.be\/index.php?rest_route=\/wp\/v2\/pages\/417\/revisions\/448"}],"wp:attachment":[{"href":"https:\/\/spunkycrows.be\/index.php?rest_route=%2Fwp%2Fv2%2Fmedia&parent=417"}],"curies":[{"name":"wp","href":"https:\/\/api.w.org\/{rel}","templated":true}]}}