{"id":334,"date":"2024-10-10T08:26:58","date_gmt":"2024-10-10T06:26:58","guid":{"rendered":"https:\/\/spunkycrows.be\/?page_id=334"},"modified":"2024-10-10T20:52:56","modified_gmt":"2024-10-10T18:52:56","slug":"premiere-balade","status":"publish","type":"page","link":"https:\/\/spunkycrows.be\/?page_id=334","title":{"rendered":"Nos premi\u00e8res Balades&#8230;"},"content":{"rendered":"<p>Comme toute chose \u00e0 un d\u00e9but, nous premi\u00e8res balades en petits comit\u00e9 nous laissent de tr\u00e8s bon souvenirs&#8230;<\/p><figure class=\"wp-block-gallery has-nested-images columns-default is-cropped wp-block-gallery-1 is-layout-flex wp-block-gallery-is-layout-flex\"><figure class=\"wp-block-image size-large\"><img data-recalc-dims=\"1\" loading=\"lazy\" decoding=\"async\" width=\"525\" height=\"394\" data-id=\"337\" src=\"https:\/\/i0.wp.com\/spunkycrows.be\/wp-content\/uploads\/2024\/10\/balade-Brabant-Flamand-12-09-1024x768.jpg?resize=525%2C394&#038;ssl=1\" alt=\"\" class=\"wp-image-337\" srcset=\"https:\/\/i0.wp.com\/spunkycrows.be\/wp-content\/uploads\/2024\/10\/balade-Brabant-Flamand-12-09.jpg?resize=1024%2C768&amp;ssl=1 1024w, https:\/\/i0.wp.com\/spunkycrows.be\/wp-content\/uploads\/2024\/10\/balade-Brabant-Flamand-12-09.jpg?resize=300%2C225&amp;ssl=1 300w, https:\/\/i0.wp.com\/spunkycrows.be\/wp-content\/uploads\/2024\/10\/balade-Brabant-Flamand-12-09.jpg?resize=768%2C576&amp;ssl=1 768w, https:\/\/i0.wp.com\/spunkycrows.be\/wp-content\/uploads\/2024\/10\/balade-Brabant-Flamand-12-09.jpg?resize=1536%2C1152&amp;ssl=1 1536w, https:\/\/i0.wp.com\/spunkycrows.be\/wp-content\/uploads\/2024\/10\/balade-Brabant-Flamand-12-09.jpg?resize=350%2C262&amp;ssl=1 350w, https:\/\/i0.wp.com\/spunkycrows.be\/wp-content\/uploads\/2024\/10\/balade-Brabant-Flamand-12-09.jpg?w=1786&amp;ssl=1 1786w\" sizes=\"auto, (max-width: 706px) 89vw, (max-width: 767px) 82vw, 740px\" \/><\/figure>\n\n<figure class=\"wp-block-image size-large\"><img data-recalc-dims=\"1\" loading=\"lazy\" decoding=\"async\" width=\"525\" height=\"372\" data-id=\"375\" src=\"https:\/\/i0.wp.com\/spunkycrows.be\/wp-content\/uploads\/2024\/10\/246148611_196692102596844_4285857921702817682_n-1024x725.jpg?resize=525%2C372&#038;ssl=1\" alt=\"\" class=\"wp-image-375\" srcset=\"https:\/\/i0.wp.com\/spunkycrows.be\/wp-content\/uploads\/2024\/10\/246148611_196692102596844_4285857921702817682_n.jpg?resize=1024%2C725&amp;ssl=1 1024w, https:\/\/i0.wp.com\/spunkycrows.be\/wp-content\/uploads\/2024\/10\/246148611_196692102596844_4285857921702817682_n.jpg?resize=300%2C212&amp;ssl=1 300w, https:\/\/i0.wp.com\/spunkycrows.be\/wp-content\/uploads\/2024\/10\/246148611_196692102596844_4285857921702817682_n.jpg?resize=768%2C543&amp;ssl=1 768w, https:\/\/i0.wp.com\/spunkycrows.be\/wp-content\/uploads\/2024\/10\/246148611_196692102596844_4285857921702817682_n.jpg?resize=350%2C248&amp;ssl=1 350w, https:\/\/i0.wp.com\/spunkycrows.be\/wp-content\/uploads\/2024\/10\/246148611_196692102596844_4285857921702817682_n.jpg?w=1440&amp;ssl=1 1440w\" sizes=\"auto, (max-width: 706px) 89vw, (max-width: 767px) 82vw, 740px\" \/><\/figure>\n\n<figure class=\"wp-block-image size-large\"><img data-recalc-dims=\"1\" loading=\"lazy\" decoding=\"async\" width=\"525\" height=\"295\" data-id=\"338\" src=\"https:\/\/i0.wp.com\/spunkycrows.be\/wp-content\/uploads\/2024\/10\/IMG-20210619-WA0015-1-1024x576.jpg?resize=525%2C295&#038;ssl=1\" alt=\"\" class=\"wp-image-338\" srcset=\"https:\/\/i0.wp.com\/spunkycrows.be\/wp-content\/uploads\/2024\/10\/IMG-20210619-WA0015-1.jpg?resize=1024%2C576&amp;ssl=1 1024w, https:\/\/i0.wp.com\/spunkycrows.be\/wp-content\/uploads\/2024\/10\/IMG-20210619-WA0015-1.jpg?resize=300%2C169&amp;ssl=1 300w, https:\/\/i0.wp.com\/spunkycrows.be\/wp-content\/uploads\/2024\/10\/IMG-20210619-WA0015-1.jpg?resize=768%2C432&amp;ssl=1 768w, https:\/\/i0.wp.com\/spunkycrows.be\/wp-content\/uploads\/2024\/10\/IMG-20210619-WA0015-1.jpg?resize=1536%2C864&amp;ssl=1 1536w, https:\/\/i0.wp.com\/spunkycrows.be\/wp-content\/uploads\/2024\/10\/IMG-20210619-WA0015-1.jpg?resize=350%2C197&amp;ssl=1 350w, https:\/\/i0.wp.com\/spunkycrows.be\/wp-content\/uploads\/2024\/10\/IMG-20210619-WA0015-1.jpg?w=1920&amp;ssl=1 1920w\" sizes=\"auto, (max-width: 706px) 89vw, (max-width: 767px) 82vw, 740px\" \/><\/figure><\/figure><figure class=\"wp-block-gallery has-nested-images columns-default is-cropped wp-block-gallery-2 is-layout-flex wp-block-gallery-is-layout-flex\"><figure class=\"wp-block-image size-large\"><img data-recalc-dims=\"1\" loading=\"lazy\" decoding=\"async\" width=\"525\" height=\"295\" data-id=\"371\" src=\"https:\/\/i0.wp.com\/spunkycrows.be\/wp-content\/uploads\/2024\/10\/IMG-20220530-WA0008-1024x576.jpg?resize=525%2C295&#038;ssl=1\" alt=\"\" class=\"wp-image-371\" srcset=\"https:\/\/i0.wp.com\/spunkycrows.be\/wp-content\/uploads\/2024\/10\/IMG-20220530-WA0008.jpg?resize=1024%2C576&amp;ssl=1 1024w, https:\/\/i0.wp.com\/spunkycrows.be\/wp-content\/uploads\/2024\/10\/IMG-20220530-WA0008.jpg?resize=300%2C169&amp;ssl=1 300w, https:\/\/i0.wp.com\/spunkycrows.be\/wp-content\/uploads\/2024\/10\/IMG-20220530-WA0008.jpg?resize=768%2C432&amp;ssl=1 768w, https:\/\/i0.wp.com\/spunkycrows.be\/wp-content\/uploads\/2024\/10\/IMG-20220530-WA0008.jpg?resize=1536%2C864&amp;ssl=1 1536w, https:\/\/i0.wp.com\/spunkycrows.be\/wp-content\/uploads\/2024\/10\/IMG-20220530-WA0008.jpg?resize=350%2C197&amp;ssl=1 350w, https:\/\/i0.wp.com\/spunkycrows.be\/wp-content\/uploads\/2024\/10\/IMG-20220530-WA0008.jpg?w=2016&amp;ssl=1 2016w\" sizes=\"auto, (max-width: 706px) 89vw, (max-width: 767px) 82vw, 740px\" \/><\/figure>\n\n<figure class=\"wp-block-image size-large\"><img data-recalc-dims=\"1\" loading=\"lazy\" decoding=\"async\" width=\"525\" height=\"933\" data-id=\"372\" src=\"https:\/\/i0.wp.com\/spunkycrows.be\/wp-content\/uploads\/2024\/10\/IMG-20220530-WA0013-576x1024.jpg?resize=525%2C933&#038;ssl=1\" alt=\"\" class=\"wp-image-372\" srcset=\"https:\/\/i0.wp.com\/spunkycrows.be\/wp-content\/uploads\/2024\/10\/IMG-20220530-WA0013.jpg?resize=576%2C1024&amp;ssl=1 576w, https:\/\/i0.wp.com\/spunkycrows.be\/wp-content\/uploads\/2024\/10\/IMG-20220530-WA0013.jpg?resize=169%2C300&amp;ssl=1 169w, https:\/\/i0.wp.com\/spunkycrows.be\/wp-content\/uploads\/2024\/10\/IMG-20220530-WA0013.jpg?resize=768%2C1365&amp;ssl=1 768w, https:\/\/i0.wp.com\/spunkycrows.be\/wp-content\/uploads\/2024\/10\/IMG-20220530-WA0013.jpg?resize=864%2C1536&amp;ssl=1 864w, https:\/\/i0.wp.com\/spunkycrows.be\/wp-content\/uploads\/2024\/10\/IMG-20220530-WA0013.jpg?resize=350%2C622&amp;ssl=1 350w, https:\/\/i0.wp.com\/spunkycrows.be\/wp-content\/uploads\/2024\/10\/IMG-20220530-WA0013.jpg?w=1134&amp;ssl=1 1134w, https:\/\/i0.wp.com\/spunkycrows.be\/wp-content\/uploads\/2024\/10\/IMG-20220530-WA0013.jpg?w=1050 1050w\" sizes=\"auto, (max-width: 525px) 100vw, 525px\" \/><\/figure>\n\n<figure class=\"wp-block-image size-large\"><img data-recalc-dims=\"1\" loading=\"lazy\" decoding=\"async\" width=\"525\" height=\"394\" data-id=\"374\" src=\"https:\/\/i0.wp.com\/spunkycrows.be\/wp-content\/uploads\/2024\/10\/IMG_20200712_161707-1024x768.jpg?resize=525%2C394&#038;ssl=1\" alt=\"\" class=\"wp-image-374\" srcset=\"https:\/\/i0.wp.com\/spunkycrows.be\/wp-content\/uploads\/2024\/10\/IMG_20200712_161707-scaled.jpg?resize=1024%2C768&amp;ssl=1 1024w, https:\/\/i0.wp.com\/spunkycrows.be\/wp-content\/uploads\/2024\/10\/IMG_20200712_161707-scaled.jpg?resize=300%2C225&amp;ssl=1 300w, https:\/\/i0.wp.com\/spunkycrows.be\/wp-content\/uploads\/2024\/10\/IMG_20200712_161707-scaled.jpg?resize=768%2C576&amp;ssl=1 768w, https:\/\/i0.wp.com\/spunkycrows.be\/wp-content\/uploads\/2024\/10\/IMG_20200712_161707-scaled.jpg?resize=1536%2C1152&amp;ssl=1 1536w, https:\/\/i0.wp.com\/spunkycrows.be\/wp-content\/uploads\/2024\/10\/IMG_20200712_161707-scaled.jpg?resize=2048%2C1536&amp;ssl=1 2048w, https:\/\/i0.wp.com\/spunkycrows.be\/wp-content\/uploads\/2024\/10\/IMG_20200712_161707-scaled.jpg?resize=350%2C263&amp;ssl=1 350w\" sizes=\"auto, (max-width: 706px) 89vw, (max-width: 767px) 82vw, 740px\" \/><\/figure>\n\n<figure class=\"wp-block-image size-large\"><img data-recalc-dims=\"1\" loading=\"lazy\" decoding=\"async\" width=\"525\" height=\"394\" data-id=\"373\" src=\"https:\/\/i0.wp.com\/spunkycrows.be\/wp-content\/uploads\/2024\/10\/IMG_20200712_152742-1024x768.jpg?resize=525%2C394&#038;ssl=1\" alt=\"\" class=\"wp-image-373\" srcset=\"https:\/\/i0.wp.com\/spunkycrows.be\/wp-content\/uploads\/2024\/10\/IMG_20200712_152742-scaled.jpg?resize=1024%2C768&amp;ssl=1 1024w, https:\/\/i0.wp.com\/spunkycrows.be\/wp-content\/uploads\/2024\/10\/IMG_20200712_152742-scaled.jpg?resize=300%2C225&amp;ssl=1 300w, https:\/\/i0.wp.com\/spunkycrows.be\/wp-content\/uploads\/2024\/10\/IMG_20200712_152742-scaled.jpg?resize=768%2C576&amp;ssl=1 768w, https:\/\/i0.wp.com\/spunkycrows.be\/wp-content\/uploads\/2024\/10\/IMG_20200712_152742-scaled.jpg?resize=1536%2C1152&amp;ssl=1 1536w, https:\/\/i0.wp.com\/spunkycrows.be\/wp-content\/uploads\/2024\/10\/IMG_20200712_152742-scaled.jpg?resize=2048%2C1536&amp;ssl=1 2048w, https:\/\/i0.wp.com\/spunkycrows.be\/wp-content\/uploads\/2024\/10\/IMG_20200712_152742-scaled.jpg?resize=350%2C263&amp;ssl=1 350w\" sizes=\"auto, (max-width: 706px) 89vw, (max-width: 767px) 82vw, 740px\" \/><\/figure><\/figure>","protected":false},"excerpt":{"rendered":"<p>Comme toute chose \u00e0 un d\u00e9but, nous premi\u00e8res balades en petits comit\u00e9 nous laissent de tr\u00e8s bon souvenirs&#8230;<\/p>\n","protected":false},"author":1,"featured_media":0,"parent":0,"menu_order":0,"comment_status":"closed","ping_status":"closed","template":"","meta":{"advanced_seo_description":"","jetpack_seo_html_title":"","jetpack_seo_noindex":false,"footnotes":""},"class_list":["post-334","page","type-page","status-publish","hentry"],"jetpack_sharing_enabled":true,"_links":{"self":[{"href":"https:\/\/spunkycrows.be\/index.php?rest_route=\/wp\/v2\/pages\/334","targetHints":{"allow":["GET"]}}],"collection":[{"href":"https:\/\/spunkycrows.be\/index.php?rest_route=\/wp\/v2\/pages"}],"about":[{"href":"https:\/\/spunkycrows.be\/index.php?rest_route=\/wp\/v2\/types\/page"}],"author":[{"embeddable":true,"href":"https:\/\/spunkycrows.be\/index.php?rest_route=\/wp\/v2\/users\/1"}],"replies":[{"embeddable":true,"href":"https:\/\/spunkycrows.be\/index.php?rest_route=%2Fwp%2Fv2%2Fcomments&post=334"}],"version-history":[{"count":4,"href":"https:\/\/spunkycrows.be\/index.php?rest_route=\/wp\/v2\/pages\/334\/revisions"}],"predecessor-version":[{"id":451,"href":"https:\/\/spunkycrows.be\/index.php?rest_route=\/wp\/v2\/pages\/334\/revisions\/451"}],"wp:attachment":[{"href":"https:\/\/spunkycrows.be\/index.php?rest_route=%2Fwp%2Fv2%2Fmedia&parent=334"}],"curies":[{"name":"wp","href":"https:\/\/api.w.org\/{rel}","templated":true}]}}