{"id":323,"date":"2024-10-10T08:24:56","date_gmt":"2024-10-10T06:24:56","guid":{"rendered":"https:\/\/spunkycrows.be\/?page_id=323"},"modified":"2024-12-11T16:29:36","modified_gmt":"2024-12-11T15:29:36","slug":"stop-harcelement","status":"publish","type":"page","link":"https:\/\/spunkycrows.be\/?page_id=323","title":{"rendered":"Stop Harcelement"},"content":{"rendered":"<p>Le harc\u00e8lement touche de plus en plus de jeunes que ce soit \u00e0 l&rsquo;\u00e9cole ou en rue. <\/p><p>Une balade moto est organis\u00e9e au profil de l&rsquo;association Stop Harc\u00e8lement afin de les aider financi\u00e8rement dans leurs campagnes de sensibilisation et d&rsquo;aide.<\/p><p>Plus d&rsquo;infos : <a href=\"https:\/\/www.stopharcelement.eu\/\">https:\/\/www.stopharcelement.eu\/<\/a><\/p><figure class=\"wp-block-image size-large\"><img data-recalc-dims=\"1\" loading=\"lazy\" decoding=\"async\" width=\"525\" height=\"343\" src=\"https:\/\/i0.wp.com\/spunkycrows.be\/wp-content\/uploads\/2024\/10\/421925673_698058839139088_4631543989231311331_n-1024x669.jpg?resize=525%2C343&#038;ssl=1\" alt=\"\" class=\"wp-image-377\" srcset=\"https:\/\/i0.wp.com\/spunkycrows.be\/wp-content\/uploads\/2024\/10\/421925673_698058839139088_4631543989231311331_n.jpg?resize=1024%2C669&amp;ssl=1 1024w, https:\/\/i0.wp.com\/spunkycrows.be\/wp-content\/uploads\/2024\/10\/421925673_698058839139088_4631543989231311331_n.jpg?resize=300%2C196&amp;ssl=1 300w, https:\/\/i0.wp.com\/spunkycrows.be\/wp-content\/uploads\/2024\/10\/421925673_698058839139088_4631543989231311331_n.jpg?resize=768%2C502&amp;ssl=1 768w, https:\/\/i0.wp.com\/spunkycrows.be\/wp-content\/uploads\/2024\/10\/421925673_698058839139088_4631543989231311331_n.jpg?resize=350%2C229&amp;ssl=1 350w, https:\/\/i0.wp.com\/spunkycrows.be\/wp-content\/uploads\/2024\/10\/421925673_698058839139088_4631543989231311331_n.jpg?w=1031&amp;ssl=1 1031w\" sizes=\"auto, (max-width: 706px) 89vw, (max-width: 767px) 82vw, 740px\" \/><\/figure><div class=\"wp-block-image\"><figure class=\"aligncenter size-large\"><img data-recalc-dims=\"1\" loading=\"lazy\" decoding=\"async\" width=\"525\" height=\"364\" src=\"https:\/\/i0.wp.com\/spunkycrows.be\/wp-content\/uploads\/2024\/10\/IMG-20240317-WA0013.jpg?resize=525%2C364&#038;ssl=1\" alt=\"\" class=\"wp-image-382\" srcset=\"https:\/\/i0.wp.com\/spunkycrows.be\/wp-content\/uploads\/2024\/10\/IMG-20240317-WA0013.jpg?w=871&amp;ssl=1 871w, https:\/\/i0.wp.com\/spunkycrows.be\/wp-content\/uploads\/2024\/10\/IMG-20240317-WA0013.jpg?resize=300%2C208&amp;ssl=1 300w, https:\/\/i0.wp.com\/spunkycrows.be\/wp-content\/uploads\/2024\/10\/IMG-20240317-WA0013.jpg?resize=768%2C533&amp;ssl=1 768w, https:\/\/i0.wp.com\/spunkycrows.be\/wp-content\/uploads\/2024\/10\/IMG-20240317-WA0013.jpg?resize=350%2C243&amp;ssl=1 350w\" sizes=\"auto, (max-width: 706px) 89vw, (max-width: 767px) 82vw, 740px\" \/><\/figure><\/div><figure class=\"wp-block-gallery has-nested-images columns-default is-cropped wp-block-gallery-1 is-layout-flex wp-block-gallery-is-layout-flex\"><div class=\"wp-block-image\"><figure class=\"aligncenter size-large\"><img data-recalc-dims=\"1\" loading=\"lazy\" decoding=\"async\" width=\"525\" height=\"295\" data-id=\"325\" src=\"https:\/\/i0.wp.com\/spunkycrows.be\/wp-content\/uploads\/2024\/10\/20240317_132931-1024x576.jpg?resize=525%2C295&#038;ssl=1\" alt=\"\" class=\"wp-image-325\" srcset=\"https:\/\/i0.wp.com\/spunkycrows.be\/wp-content\/uploads\/2024\/10\/20240317_132931-scaled.jpg?resize=1024%2C576&amp;ssl=1 1024w, https:\/\/i0.wp.com\/spunkycrows.be\/wp-content\/uploads\/2024\/10\/20240317_132931-scaled.jpg?resize=300%2C169&amp;ssl=1 300w, https:\/\/i0.wp.com\/spunkycrows.be\/wp-content\/uploads\/2024\/10\/20240317_132931-scaled.jpg?resize=768%2C432&amp;ssl=1 768w, https:\/\/i0.wp.com\/spunkycrows.be\/wp-content\/uploads\/2024\/10\/20240317_132931-scaled.jpg?resize=1536%2C864&amp;ssl=1 1536w, https:\/\/i0.wp.com\/spunkycrows.be\/wp-content\/uploads\/2024\/10\/20240317_132931-scaled.jpg?resize=2048%2C1152&amp;ssl=1 2048w, https:\/\/i0.wp.com\/spunkycrows.be\/wp-content\/uploads\/2024\/10\/20240317_132931-scaled.jpg?resize=350%2C197&amp;ssl=1 350w\" sizes=\"auto, (max-width: 706px) 89vw, (max-width: 767px) 82vw, 740px\" \/><\/figure><\/div>\n\n<figure class=\"wp-block-image size-large\"><img data-recalc-dims=\"1\" loading=\"lazy\" decoding=\"async\" width=\"525\" height=\"295\" data-id=\"326\" src=\"https:\/\/i0.wp.com\/spunkycrows.be\/wp-content\/uploads\/2024\/10\/20240317_102855-1024x576.jpg?resize=525%2C295&#038;ssl=1\" alt=\"\" class=\"wp-image-326\" srcset=\"https:\/\/i0.wp.com\/spunkycrows.be\/wp-content\/uploads\/2024\/10\/20240317_102855-scaled.jpg?resize=1024%2C576&amp;ssl=1 1024w, https:\/\/i0.wp.com\/spunkycrows.be\/wp-content\/uploads\/2024\/10\/20240317_102855-scaled.jpg?resize=300%2C169&amp;ssl=1 300w, https:\/\/i0.wp.com\/spunkycrows.be\/wp-content\/uploads\/2024\/10\/20240317_102855-scaled.jpg?resize=768%2C432&amp;ssl=1 768w, https:\/\/i0.wp.com\/spunkycrows.be\/wp-content\/uploads\/2024\/10\/20240317_102855-scaled.jpg?resize=1536%2C864&amp;ssl=1 1536w, https:\/\/i0.wp.com\/spunkycrows.be\/wp-content\/uploads\/2024\/10\/20240317_102855-scaled.jpg?resize=2048%2C1152&amp;ssl=1 2048w, https:\/\/i0.wp.com\/spunkycrows.be\/wp-content\/uploads\/2024\/10\/20240317_102855-scaled.jpg?resize=350%2C197&amp;ssl=1 350w\" sizes=\"auto, (max-width: 706px) 89vw, (max-width: 767px) 82vw, 740px\" \/><\/figure>\n\n<figure class=\"wp-block-image size-large\"><img data-recalc-dims=\"1\" loading=\"lazy\" decoding=\"async\" width=\"525\" height=\"249\" data-id=\"324\" src=\"https:\/\/i0.wp.com\/spunkycrows.be\/wp-content\/uploads\/2024\/10\/20240317_102905-1024x486.jpg?resize=525%2C249&#038;ssl=1\" alt=\"\" class=\"wp-image-324\" srcset=\"https:\/\/i0.wp.com\/spunkycrows.be\/wp-content\/uploads\/2024\/10\/20240317_102905-scaled.jpg?resize=1024%2C486&amp;ssl=1 1024w, https:\/\/i0.wp.com\/spunkycrows.be\/wp-content\/uploads\/2024\/10\/20240317_102905-scaled.jpg?resize=300%2C143&amp;ssl=1 300w, https:\/\/i0.wp.com\/spunkycrows.be\/wp-content\/uploads\/2024\/10\/20240317_102905-scaled.jpg?resize=768%2C365&amp;ssl=1 768w, https:\/\/i0.wp.com\/spunkycrows.be\/wp-content\/uploads\/2024\/10\/20240317_102905-scaled.jpg?resize=1536%2C730&amp;ssl=1 1536w, https:\/\/i0.wp.com\/spunkycrows.be\/wp-content\/uploads\/2024\/10\/20240317_102905-scaled.jpg?resize=2048%2C973&amp;ssl=1 2048w, https:\/\/i0.wp.com\/spunkycrows.be\/wp-content\/uploads\/2024\/10\/20240317_102905-scaled.jpg?resize=350%2C166&amp;ssl=1 350w\" sizes=\"auto, (max-width: 706px) 89vw, (max-width: 767px) 82vw, 740px\" \/><\/figure>\n\n<figure class=\"wp-block-image size-large is-style-default\"><img data-recalc-dims=\"1\" loading=\"lazy\" decoding=\"async\" width=\"525\" height=\"296\" data-id=\"379\" src=\"https:\/\/i0.wp.com\/spunkycrows.be\/wp-content\/uploads\/2024\/10\/IMG-20240317-WA0012-1024x577.jpg?resize=525%2C296&#038;ssl=1\" alt=\"\" class=\"wp-image-379\" srcset=\"https:\/\/i0.wp.com\/spunkycrows.be\/wp-content\/uploads\/2024\/10\/IMG-20240317-WA0012.jpg?resize=1024%2C577&amp;ssl=1 1024w, https:\/\/i0.wp.com\/spunkycrows.be\/wp-content\/uploads\/2024\/10\/IMG-20240317-WA0012.jpg?resize=300%2C169&amp;ssl=1 300w, https:\/\/i0.wp.com\/spunkycrows.be\/wp-content\/uploads\/2024\/10\/IMG-20240317-WA0012.jpg?resize=768%2C432&amp;ssl=1 768w, https:\/\/i0.wp.com\/spunkycrows.be\/wp-content\/uploads\/2024\/10\/IMG-20240317-WA0012.jpg?resize=1536%2C865&amp;ssl=1 1536w, https:\/\/i0.wp.com\/spunkycrows.be\/wp-content\/uploads\/2024\/10\/IMG-20240317-WA0012.jpg?resize=350%2C197&amp;ssl=1 350w, https:\/\/i0.wp.com\/spunkycrows.be\/wp-content\/uploads\/2024\/10\/IMG-20240317-WA0012.jpg?w=2000&amp;ssl=1 2000w\" sizes=\"auto, (max-width: 706px) 89vw, (max-width: 767px) 82vw, 740px\" \/><\/figure><\/figure><figure class=\"wp-block-gallery has-nested-images columns-default is-cropped wp-block-gallery-2 is-layout-flex wp-block-gallery-is-layout-flex\"><figure class=\"wp-block-image size-large\"><img data-recalc-dims=\"1\" loading=\"lazy\" decoding=\"async\" width=\"525\" height=\"394\" data-id=\"381\" src=\"https:\/\/i0.wp.com\/spunkycrows.be\/wp-content\/uploads\/2024\/10\/56d2dd81-0477-4280-8275-876b60aa532d-1024x768.jpg?resize=525%2C394&#038;ssl=1\" alt=\"\" class=\"wp-image-381\" srcset=\"https:\/\/i0.wp.com\/spunkycrows.be\/wp-content\/uploads\/2024\/10\/56d2dd81-0477-4280-8275-876b60aa532d.jpg?resize=1024%2C768&amp;ssl=1 1024w, https:\/\/i0.wp.com\/spunkycrows.be\/wp-content\/uploads\/2024\/10\/56d2dd81-0477-4280-8275-876b60aa532d.jpg?resize=300%2C225&amp;ssl=1 300w, https:\/\/i0.wp.com\/spunkycrows.be\/wp-content\/uploads\/2024\/10\/56d2dd81-0477-4280-8275-876b60aa532d.jpg?resize=768%2C576&amp;ssl=1 768w, https:\/\/i0.wp.com\/spunkycrows.be\/wp-content\/uploads\/2024\/10\/56d2dd81-0477-4280-8275-876b60aa532d.jpg?resize=350%2C263&amp;ssl=1 350w, https:\/\/i0.wp.com\/spunkycrows.be\/wp-content\/uploads\/2024\/10\/56d2dd81-0477-4280-8275-876b60aa532d.jpg?w=1080&amp;ssl=1 1080w\" sizes=\"auto, (max-width: 706px) 89vw, (max-width: 767px) 82vw, 740px\" \/><\/figure>\n\n<div class=\"wp-block-image\"><figure class=\"aligncenter size-large\"><img data-recalc-dims=\"1\" loading=\"lazy\" decoding=\"async\" width=\"525\" height=\"394\" data-id=\"383\" src=\"https:\/\/i0.wp.com\/spunkycrows.be\/wp-content\/uploads\/2024\/10\/e50e6e4a-297d-42bd-ae9e-00843e7a9a18-1024x768.jpg?resize=525%2C394&#038;ssl=1\" alt=\"\" class=\"wp-image-383\" srcset=\"https:\/\/i0.wp.com\/spunkycrows.be\/wp-content\/uploads\/2024\/10\/e50e6e4a-297d-42bd-ae9e-00843e7a9a18.jpg?resize=1024%2C768&amp;ssl=1 1024w, https:\/\/i0.wp.com\/spunkycrows.be\/wp-content\/uploads\/2024\/10\/e50e6e4a-297d-42bd-ae9e-00843e7a9a18.jpg?resize=300%2C225&amp;ssl=1 300w, https:\/\/i0.wp.com\/spunkycrows.be\/wp-content\/uploads\/2024\/10\/e50e6e4a-297d-42bd-ae9e-00843e7a9a18.jpg?resize=768%2C576&amp;ssl=1 768w, https:\/\/i0.wp.com\/spunkycrows.be\/wp-content\/uploads\/2024\/10\/e50e6e4a-297d-42bd-ae9e-00843e7a9a18.jpg?resize=350%2C263&amp;ssl=1 350w, https:\/\/i0.wp.com\/spunkycrows.be\/wp-content\/uploads\/2024\/10\/e50e6e4a-297d-42bd-ae9e-00843e7a9a18.jpg?w=1080&amp;ssl=1 1080w\" sizes=\"auto, (max-width: 706px) 89vw, (max-width: 767px) 82vw, 740px\" \/><\/figure><\/div><\/figure><div class=\"wp-block-image\"><figure class=\"aligncenter size-large\"><img data-recalc-dims=\"1\" loading=\"lazy\" decoding=\"async\" width=\"525\" height=\"394\" src=\"https:\/\/i0.wp.com\/spunkycrows.be\/wp-content\/uploads\/2024\/10\/IMG-20240317-WA0007-1024x768.jpg?resize=525%2C394&#038;ssl=1\" alt=\"\" class=\"wp-image-380\" srcset=\"https:\/\/i0.wp.com\/spunkycrows.be\/wp-content\/uploads\/2024\/10\/IMG-20240317-WA0007.jpg?resize=1024%2C768&amp;ssl=1 1024w, https:\/\/i0.wp.com\/spunkycrows.be\/wp-content\/uploads\/2024\/10\/IMG-20240317-WA0007.jpg?resize=300%2C225&amp;ssl=1 300w, https:\/\/i0.wp.com\/spunkycrows.be\/wp-content\/uploads\/2024\/10\/IMG-20240317-WA0007.jpg?resize=768%2C576&amp;ssl=1 768w, https:\/\/i0.wp.com\/spunkycrows.be\/wp-content\/uploads\/2024\/10\/IMG-20240317-WA0007.jpg?resize=1536%2C1152&amp;ssl=1 1536w, https:\/\/i0.wp.com\/spunkycrows.be\/wp-content\/uploads\/2024\/10\/IMG-20240317-WA0007.jpg?resize=350%2C263&amp;ssl=1 350w, https:\/\/i0.wp.com\/spunkycrows.be\/wp-content\/uploads\/2024\/10\/IMG-20240317-WA0007.jpg?w=1600&amp;ssl=1 1600w\" sizes=\"auto, (max-width: 706px) 89vw, (max-width: 767px) 82vw, 740px\" \/><\/figure><\/div>","protected":false},"excerpt":{"rendered":"<p>Le harc\u00e8lement touche de plus en plus de jeunes que ce soit \u00e0 l&rsquo;\u00e9cole ou en rue. Une balade moto est organis\u00e9e au profil de l&rsquo;association Stop Harc\u00e8lement afin de les aider financi\u00e8rement dans leurs campagnes de sensibilisation et d&rsquo;aide. Plus d&rsquo;infos : https:\/\/www.stopharcelement.eu\/<\/p>\n","protected":false},"author":1,"featured_media":0,"parent":0,"menu_order":0,"comment_status":"closed","ping_status":"closed","template":"","meta":{"advanced_seo_description":"","jetpack_seo_html_title":"","jetpack_seo_noindex":false,"footnotes":""},"class_list":["post-323","page","type-page","status-publish","hentry"],"jetpack_sharing_enabled":true,"_links":{"self":[{"href":"https:\/\/spunkycrows.be\/index.php?rest_route=\/wp\/v2\/pages\/323","targetHints":{"allow":["GET"]}}],"collection":[{"href":"https:\/\/spunkycrows.be\/index.php?rest_route=\/wp\/v2\/pages"}],"about":[{"href":"https:\/\/spunkycrows.be\/index.php?rest_route=\/wp\/v2\/types\/page"}],"author":[{"embeddable":true,"href":"https:\/\/spunkycrows.be\/index.php?rest_route=\/wp\/v2\/users\/1"}],"replies":[{"embeddable":true,"href":"https:\/\/spunkycrows.be\/index.php?rest_route=%2Fwp%2Fv2%2Fcomments&post=323"}],"version-history":[{"count":6,"href":"https:\/\/spunkycrows.be\/index.php?rest_route=\/wp\/v2\/pages\/323\/revisions"}],"predecessor-version":[{"id":605,"href":"https:\/\/spunkycrows.be\/index.php?rest_route=\/wp\/v2\/pages\/323\/revisions\/605"}],"wp:attachment":[{"href":"https:\/\/spunkycrows.be\/index.php?rest_route=%2Fwp%2Fv2%2Fmedia&parent=323"}],"curies":[{"name":"wp","href":"https:\/\/api.w.org\/{rel}","templated":true}]}}