{"id":261,"date":"2024-10-07T19:00:39","date_gmt":"2024-10-07T17:00:39","guid":{"rendered":"https:\/\/spunkycrows.be\/?page_id=261"},"modified":"2024-10-29T12:21:00","modified_gmt":"2024-10-29T11:21:00","slug":"make-a-wish","status":"publish","type":"page","link":"https:\/\/spunkycrows.be\/?page_id=261","title":{"rendered":"Make-A-Wish"},"content":{"rendered":"<p>Balade au profit de l&rsquo;association qui r\u00e9alise les r\u00eaves des enfants malades. <\/p><p>En accord avec l&rsquo;association, une grande journ\u00e9e est r\u00e9alis\u00e9e par les Spunky Crows : R\u00e9alisation d&rsquo;un v\u0153u en rapport avec le monde de la moto, rencontre de vip, concert, expo.<\/p><figure class=\"wp-block-image size-large\"><img data-recalc-dims=\"1\" loading=\"lazy\" decoding=\"async\" width=\"525\" height=\"743\" src=\"https:\/\/i0.wp.com\/spunkycrows.be\/wp-content\/uploads\/2024\/10\/20230220_134231_0000-724x1024.png?resize=525%2C743&#038;ssl=1\" alt=\"\" class=\"wp-image-265\" srcset=\"https:\/\/i0.wp.com\/spunkycrows.be\/wp-content\/uploads\/2024\/10\/20230220_134231_0000.png?resize=724%2C1024&amp;ssl=1 724w, https:\/\/i0.wp.com\/spunkycrows.be\/wp-content\/uploads\/2024\/10\/20230220_134231_0000.png?resize=212%2C300&amp;ssl=1 212w, https:\/\/i0.wp.com\/spunkycrows.be\/wp-content\/uploads\/2024\/10\/20230220_134231_0000.png?resize=768%2C1086&amp;ssl=1 768w, https:\/\/i0.wp.com\/spunkycrows.be\/wp-content\/uploads\/2024\/10\/20230220_134231_0000.png?resize=1086%2C1536&amp;ssl=1 1086w, https:\/\/i0.wp.com\/spunkycrows.be\/wp-content\/uploads\/2024\/10\/20230220_134231_0000.png?resize=1448%2C2048&amp;ssl=1 1448w, https:\/\/i0.wp.com\/spunkycrows.be\/wp-content\/uploads\/2024\/10\/20230220_134231_0000.png?resize=350%2C495&amp;ssl=1 350w, https:\/\/i0.wp.com\/spunkycrows.be\/wp-content\/uploads\/2024\/10\/20230220_134231_0000.png?w=1587&amp;ssl=1 1587w\" sizes=\"auto, (max-width: 525px) 100vw, 525px\" \/><\/figure><p><strong>Pr\u00e9sentation de Make-A-Wish<\/strong><\/p><ul class=\"wp-block-list\"><li><strong>Historique<\/strong>:<ul class=\"wp-block-list\"><li>Make-a-wish est une association n\u00e9e en 1980 au USA.<\/li>\n\n<li>Make-A-Wish International compte 39 affili\u00e9s r\u00e9partis dans 50 pays.<\/li><\/ul><\/li>\n\n<li><strong>Leurs buts ?<\/strong><ul class=\"wp-block-list\"><li>R\u00e9aliser les v\u0153ux d\u2019enfants gravement malades \u00e2g\u00e9s entre 3 et 18 ans afin de leurs apporter force, joie et espoir.<\/li>\n\n<li>Pour l\u2019enfant malade, la r\u00e9alisation d\u2019un v\u0153u est un moment magique \u00e0 double titre : tout d\u2019abord parce qu\u2019il va r\u00e9aliser son v\u0153u mais \u00e9galement parce qu\u2019il va le partager avec ses proches.<\/li>\n\n<li>Mettre des \u00e9toiles dans les yeux d\u2019enfants gravement malades en r\u00e9alisant leurs v\u0153ux.<\/li><\/ul><\/li>\n\n<li><strong>Exemples<\/strong> :<ul class=\"wp-block-list\"><li>1980 premier v\u0153u r\u00e9alis\u00e9 pour Christopher, un petit gar\u00e7on de 7 ans qui avait une leuc\u00e9mie et qui r\u00eavait d\u2019\u00eatre policier ! Un uniforme de Policier lui est offert.<\/li>\n\n<li>Depuis Make-A-Wish \u00e0 r\u00e9alis\u00e9s plus de 500,000 v\u0153ux dans le monde.\u00a0 <\/li><\/ul><\/li>\n\n<li><strong>Ce que les Spunky Crows on fait lors de cette journ\u00e9e :<\/strong><ul class=\"wp-block-list\"><li>Tour sur route en buggy.<\/li>\n\n<li>Rencontr\u00e9 de pilote de championnat d&rsquo;endurance moto.<\/li>\n\n<li>Bon pour un tour en piste avec St\u00e9phane Mertens.<\/li>\n\n<li>Enveloppe offerte \u00e0 l&rsquo;association MAW pour continuer de r\u00e9aliser les v\u0153ux des enfants.<\/li><\/ul><\/li><\/ul><figure class=\"wp-block-image size-large\"><img data-recalc-dims=\"1\" loading=\"lazy\" decoding=\"async\" width=\"525\" height=\"350\" src=\"https:\/\/i0.wp.com\/spunkycrows.be\/wp-content\/uploads\/2024\/10\/20976-1024x682.jpg?resize=525%2C350&#038;ssl=1\" alt=\"\" class=\"wp-image-287\" srcset=\"https:\/\/i0.wp.com\/spunkycrows.be\/wp-content\/uploads\/2024\/10\/20976-scaled.jpg?resize=1024%2C682&amp;ssl=1 1024w, https:\/\/i0.wp.com\/spunkycrows.be\/wp-content\/uploads\/2024\/10\/20976-scaled.jpg?resize=300%2C200&amp;ssl=1 300w, https:\/\/i0.wp.com\/spunkycrows.be\/wp-content\/uploads\/2024\/10\/20976-scaled.jpg?resize=768%2C511&amp;ssl=1 768w, https:\/\/i0.wp.com\/spunkycrows.be\/wp-content\/uploads\/2024\/10\/20976-scaled.jpg?resize=1536%2C1022&amp;ssl=1 1536w, https:\/\/i0.wp.com\/spunkycrows.be\/wp-content\/uploads\/2024\/10\/20976-scaled.jpg?resize=2048%2C1363&amp;ssl=1 2048w, https:\/\/i0.wp.com\/spunkycrows.be\/wp-content\/uploads\/2024\/10\/20976-scaled.jpg?resize=350%2C233&amp;ssl=1 350w\" sizes=\"auto, (max-width: 706px) 89vw, (max-width: 767px) 82vw, 740px\" \/><\/figure><figure class=\"wp-block-image size-large\"><img data-recalc-dims=\"1\" loading=\"lazy\" decoding=\"async\" width=\"525\" height=\"350\" src=\"https:\/\/i0.wp.com\/spunkycrows.be\/wp-content\/uploads\/2024\/10\/20037-1024x682.jpg?resize=525%2C350&#038;ssl=1\" alt=\"\" class=\"wp-image-288\" srcset=\"https:\/\/i0.wp.com\/spunkycrows.be\/wp-content\/uploads\/2024\/10\/20037-scaled.jpg?resize=1024%2C682&amp;ssl=1 1024w, https:\/\/i0.wp.com\/spunkycrows.be\/wp-content\/uploads\/2024\/10\/20037-scaled.jpg?resize=300%2C200&amp;ssl=1 300w, https:\/\/i0.wp.com\/spunkycrows.be\/wp-content\/uploads\/2024\/10\/20037-scaled.jpg?resize=768%2C511&amp;ssl=1 768w, https:\/\/i0.wp.com\/spunkycrows.be\/wp-content\/uploads\/2024\/10\/20037-scaled.jpg?resize=1536%2C1022&amp;ssl=1 1536w, https:\/\/i0.wp.com\/spunkycrows.be\/wp-content\/uploads\/2024\/10\/20037-scaled.jpg?resize=2048%2C1363&amp;ssl=1 2048w, https:\/\/i0.wp.com\/spunkycrows.be\/wp-content\/uploads\/2024\/10\/20037-scaled.jpg?resize=350%2C233&amp;ssl=1 350w\" sizes=\"auto, (max-width: 706px) 89vw, (max-width: 767px) 82vw, 740px\" \/><\/figure><figure class=\"wp-block-gallery has-nested-images columns-default is-cropped wp-block-gallery-1 is-layout-flex wp-block-gallery-is-layout-flex\"><figure class=\"wp-block-image size-large\"><img data-recalc-dims=\"1\" loading=\"lazy\" decoding=\"async\" width=\"525\" height=\"350\" data-id=\"297\" src=\"https:\/\/i0.wp.com\/spunkycrows.be\/wp-content\/uploads\/2024\/10\/20067-1-1024x682.jpg?resize=525%2C350&#038;ssl=1\" alt=\"\" class=\"wp-image-297\" srcset=\"https:\/\/i0.wp.com\/spunkycrows.be\/wp-content\/uploads\/2024\/10\/20067-1-scaled.jpg?resize=1024%2C682&amp;ssl=1 1024w, https:\/\/i0.wp.com\/spunkycrows.be\/wp-content\/uploads\/2024\/10\/20067-1-scaled.jpg?resize=300%2C200&amp;ssl=1 300w, https:\/\/i0.wp.com\/spunkycrows.be\/wp-content\/uploads\/2024\/10\/20067-1-scaled.jpg?resize=768%2C511&amp;ssl=1 768w, https:\/\/i0.wp.com\/spunkycrows.be\/wp-content\/uploads\/2024\/10\/20067-1-scaled.jpg?resize=1536%2C1022&amp;ssl=1 1536w, https:\/\/i0.wp.com\/spunkycrows.be\/wp-content\/uploads\/2024\/10\/20067-1-scaled.jpg?resize=2048%2C1363&amp;ssl=1 2048w, https:\/\/i0.wp.com\/spunkycrows.be\/wp-content\/uploads\/2024\/10\/20067-1-scaled.jpg?resize=350%2C233&amp;ssl=1 350w\" sizes=\"auto, (max-width: 706px) 89vw, (max-width: 767px) 82vw, 740px\" \/><\/figure>\n\n<figure class=\"wp-block-image size-large\"><img data-recalc-dims=\"1\" loading=\"lazy\" decoding=\"async\" width=\"525\" height=\"350\" data-id=\"292\" src=\"https:\/\/i0.wp.com\/spunkycrows.be\/wp-content\/uploads\/2024\/10\/20117-1024x682.jpg?resize=525%2C350&#038;ssl=1\" alt=\"\" class=\"wp-image-292\" srcset=\"https:\/\/i0.wp.com\/spunkycrows.be\/wp-content\/uploads\/2024\/10\/20117-scaled.jpg?resize=1024%2C682&amp;ssl=1 1024w, https:\/\/i0.wp.com\/spunkycrows.be\/wp-content\/uploads\/2024\/10\/20117-scaled.jpg?resize=300%2C200&amp;ssl=1 300w, https:\/\/i0.wp.com\/spunkycrows.be\/wp-content\/uploads\/2024\/10\/20117-scaled.jpg?resize=768%2C511&amp;ssl=1 768w, https:\/\/i0.wp.com\/spunkycrows.be\/wp-content\/uploads\/2024\/10\/20117-scaled.jpg?resize=1536%2C1022&amp;ssl=1 1536w, https:\/\/i0.wp.com\/spunkycrows.be\/wp-content\/uploads\/2024\/10\/20117-scaled.jpg?resize=2048%2C1363&amp;ssl=1 2048w, https:\/\/i0.wp.com\/spunkycrows.be\/wp-content\/uploads\/2024\/10\/20117-scaled.jpg?resize=350%2C233&amp;ssl=1 350w\" sizes=\"auto, (max-width: 706px) 89vw, (max-width: 767px) 82vw, 740px\" \/><\/figure>\n\n<figure class=\"wp-block-image size-large\"><img data-recalc-dims=\"1\" loading=\"lazy\" decoding=\"async\" width=\"525\" height=\"350\" data-id=\"299\" src=\"https:\/\/i0.wp.com\/spunkycrows.be\/wp-content\/uploads\/2024\/10\/20152-1024x682.jpg?resize=525%2C350&#038;ssl=1\" alt=\"\" class=\"wp-image-299\" srcset=\"https:\/\/i0.wp.com\/spunkycrows.be\/wp-content\/uploads\/2024\/10\/20152-scaled.jpg?resize=1024%2C682&amp;ssl=1 1024w, https:\/\/i0.wp.com\/spunkycrows.be\/wp-content\/uploads\/2024\/10\/20152-scaled.jpg?resize=300%2C200&amp;ssl=1 300w, https:\/\/i0.wp.com\/spunkycrows.be\/wp-content\/uploads\/2024\/10\/20152-scaled.jpg?resize=768%2C511&amp;ssl=1 768w, https:\/\/i0.wp.com\/spunkycrows.be\/wp-content\/uploads\/2024\/10\/20152-scaled.jpg?resize=1536%2C1022&amp;ssl=1 1536w, https:\/\/i0.wp.com\/spunkycrows.be\/wp-content\/uploads\/2024\/10\/20152-scaled.jpg?resize=2048%2C1363&amp;ssl=1 2048w, https:\/\/i0.wp.com\/spunkycrows.be\/wp-content\/uploads\/2024\/10\/20152-scaled.jpg?resize=350%2C233&amp;ssl=1 350w\" sizes=\"auto, (max-width: 706px) 89vw, (max-width: 767px) 82vw, 740px\" \/><\/figure>\n\n<figure class=\"wp-block-image size-large\"><img data-recalc-dims=\"1\" loading=\"lazy\" decoding=\"async\" width=\"525\" height=\"350\" data-id=\"293\" src=\"https:\/\/i0.wp.com\/spunkycrows.be\/wp-content\/uploads\/2024\/10\/20239-1024x682.jpg?resize=525%2C350&#038;ssl=1\" alt=\"\" class=\"wp-image-293\" srcset=\"https:\/\/i0.wp.com\/spunkycrows.be\/wp-content\/uploads\/2024\/10\/20239-scaled.jpg?resize=1024%2C682&amp;ssl=1 1024w, https:\/\/i0.wp.com\/spunkycrows.be\/wp-content\/uploads\/2024\/10\/20239-scaled.jpg?resize=300%2C200&amp;ssl=1 300w, https:\/\/i0.wp.com\/spunkycrows.be\/wp-content\/uploads\/2024\/10\/20239-scaled.jpg?resize=768%2C511&amp;ssl=1 768w, https:\/\/i0.wp.com\/spunkycrows.be\/wp-content\/uploads\/2024\/10\/20239-scaled.jpg?resize=1536%2C1022&amp;ssl=1 1536w, https:\/\/i0.wp.com\/spunkycrows.be\/wp-content\/uploads\/2024\/10\/20239-scaled.jpg?resize=2048%2C1363&amp;ssl=1 2048w, https:\/\/i0.wp.com\/spunkycrows.be\/wp-content\/uploads\/2024\/10\/20239-scaled.jpg?resize=350%2C233&amp;ssl=1 350w\" sizes=\"auto, (max-width: 706px) 89vw, (max-width: 767px) 82vw, 740px\" \/><\/figure>\n\n<figure class=\"wp-block-image size-large\"><img data-recalc-dims=\"1\" loading=\"lazy\" decoding=\"async\" width=\"525\" height=\"350\" data-id=\"294\" src=\"https:\/\/i0.wp.com\/spunkycrows.be\/wp-content\/uploads\/2024\/10\/20341-1024x682.jpg?resize=525%2C350&#038;ssl=1\" alt=\"\" class=\"wp-image-294\" srcset=\"https:\/\/i0.wp.com\/spunkycrows.be\/wp-content\/uploads\/2024\/10\/20341-scaled.jpg?resize=1024%2C682&amp;ssl=1 1024w, https:\/\/i0.wp.com\/spunkycrows.be\/wp-content\/uploads\/2024\/10\/20341-scaled.jpg?resize=300%2C200&amp;ssl=1 300w, https:\/\/i0.wp.com\/spunkycrows.be\/wp-content\/uploads\/2024\/10\/20341-scaled.jpg?resize=768%2C511&amp;ssl=1 768w, https:\/\/i0.wp.com\/spunkycrows.be\/wp-content\/uploads\/2024\/10\/20341-scaled.jpg?resize=1536%2C1022&amp;ssl=1 1536w, https:\/\/i0.wp.com\/spunkycrows.be\/wp-content\/uploads\/2024\/10\/20341-scaled.jpg?resize=2048%2C1363&amp;ssl=1 2048w, https:\/\/i0.wp.com\/spunkycrows.be\/wp-content\/uploads\/2024\/10\/20341-scaled.jpg?resize=350%2C233&amp;ssl=1 350w\" sizes=\"auto, (max-width: 706px) 89vw, (max-width: 767px) 82vw, 740px\" \/><\/figure>\n\n<figure class=\"wp-block-image size-large\"><img data-recalc-dims=\"1\" loading=\"lazy\" decoding=\"async\" width=\"525\" height=\"350\" data-id=\"295\" src=\"https:\/\/i0.wp.com\/spunkycrows.be\/wp-content\/uploads\/2024\/10\/20518-1024x682.jpg?resize=525%2C350&#038;ssl=1\" alt=\"\" class=\"wp-image-295\" srcset=\"https:\/\/i0.wp.com\/spunkycrows.be\/wp-content\/uploads\/2024\/10\/20518-scaled.jpg?resize=1024%2C682&amp;ssl=1 1024w, https:\/\/i0.wp.com\/spunkycrows.be\/wp-content\/uploads\/2024\/10\/20518-scaled.jpg?resize=300%2C200&amp;ssl=1 300w, https:\/\/i0.wp.com\/spunkycrows.be\/wp-content\/uploads\/2024\/10\/20518-scaled.jpg?resize=768%2C511&amp;ssl=1 768w, https:\/\/i0.wp.com\/spunkycrows.be\/wp-content\/uploads\/2024\/10\/20518-scaled.jpg?resize=1536%2C1022&amp;ssl=1 1536w, https:\/\/i0.wp.com\/spunkycrows.be\/wp-content\/uploads\/2024\/10\/20518-scaled.jpg?resize=2048%2C1363&amp;ssl=1 2048w, https:\/\/i0.wp.com\/spunkycrows.be\/wp-content\/uploads\/2024\/10\/20518-scaled.jpg?resize=350%2C233&amp;ssl=1 350w\" sizes=\"auto, (max-width: 706px) 89vw, (max-width: 767px) 82vw, 740px\" \/><\/figure>\n\n<figure class=\"wp-block-image size-large\"><img data-recalc-dims=\"1\" loading=\"lazy\" decoding=\"async\" width=\"525\" height=\"350\" data-id=\"296\" src=\"https:\/\/i0.wp.com\/spunkycrows.be\/wp-content\/uploads\/2024\/10\/20569-1024x682.jpg?resize=525%2C350&#038;ssl=1\" alt=\"\" class=\"wp-image-296\" srcset=\"https:\/\/i0.wp.com\/spunkycrows.be\/wp-content\/uploads\/2024\/10\/20569-scaled.jpg?resize=1024%2C682&amp;ssl=1 1024w, https:\/\/i0.wp.com\/spunkycrows.be\/wp-content\/uploads\/2024\/10\/20569-scaled.jpg?resize=300%2C200&amp;ssl=1 300w, https:\/\/i0.wp.com\/spunkycrows.be\/wp-content\/uploads\/2024\/10\/20569-scaled.jpg?resize=768%2C511&amp;ssl=1 768w, https:\/\/i0.wp.com\/spunkycrows.be\/wp-content\/uploads\/2024\/10\/20569-scaled.jpg?resize=1536%2C1022&amp;ssl=1 1536w, https:\/\/i0.wp.com\/spunkycrows.be\/wp-content\/uploads\/2024\/10\/20569-scaled.jpg?resize=2048%2C1363&amp;ssl=1 2048w, https:\/\/i0.wp.com\/spunkycrows.be\/wp-content\/uploads\/2024\/10\/20569-scaled.jpg?resize=350%2C233&amp;ssl=1 350w\" sizes=\"auto, (max-width: 706px) 89vw, (max-width: 767px) 82vw, 740px\" \/><\/figure>\n\n<figure class=\"wp-block-image size-large\"><img data-recalc-dims=\"1\" loading=\"lazy\" decoding=\"async\" width=\"525\" height=\"350\" data-id=\"298\" src=\"https:\/\/i0.wp.com\/spunkycrows.be\/wp-content\/uploads\/2024\/10\/20901-1024x682.jpg?resize=525%2C350&#038;ssl=1\" alt=\"\" class=\"wp-image-298\" srcset=\"https:\/\/i0.wp.com\/spunkycrows.be\/wp-content\/uploads\/2024\/10\/20901-scaled.jpg?resize=1024%2C682&amp;ssl=1 1024w, https:\/\/i0.wp.com\/spunkycrows.be\/wp-content\/uploads\/2024\/10\/20901-scaled.jpg?resize=300%2C200&amp;ssl=1 300w, https:\/\/i0.wp.com\/spunkycrows.be\/wp-content\/uploads\/2024\/10\/20901-scaled.jpg?resize=768%2C511&amp;ssl=1 768w, https:\/\/i0.wp.com\/spunkycrows.be\/wp-content\/uploads\/2024\/10\/20901-scaled.jpg?resize=1536%2C1022&amp;ssl=1 1536w, https:\/\/i0.wp.com\/spunkycrows.be\/wp-content\/uploads\/2024\/10\/20901-scaled.jpg?resize=2048%2C1363&amp;ssl=1 2048w, https:\/\/i0.wp.com\/spunkycrows.be\/wp-content\/uploads\/2024\/10\/20901-scaled.jpg?resize=350%2C233&amp;ssl=1 350w\" sizes=\"auto, (max-width: 706px) 89vw, (max-width: 767px) 82vw, 740px\" \/><\/figure>\n\n<figure class=\"wp-block-image size-large\"><img data-recalc-dims=\"1\" loading=\"lazy\" decoding=\"async\" width=\"525\" height=\"350\" data-id=\"303\" src=\"https:\/\/i0.wp.com\/spunkycrows.be\/wp-content\/uploads\/2024\/10\/DSC_5926-1024x683.jpg?resize=525%2C350&#038;ssl=1\" alt=\"\" class=\"wp-image-303\" srcset=\"https:\/\/i0.wp.com\/spunkycrows.be\/wp-content\/uploads\/2024\/10\/DSC_5926-scaled.jpg?resize=1024%2C683&amp;ssl=1 1024w, https:\/\/i0.wp.com\/spunkycrows.be\/wp-content\/uploads\/2024\/10\/DSC_5926-scaled.jpg?resize=300%2C200&amp;ssl=1 300w, https:\/\/i0.wp.com\/spunkycrows.be\/wp-content\/uploads\/2024\/10\/DSC_5926-scaled.jpg?resize=768%2C512&amp;ssl=1 768w, https:\/\/i0.wp.com\/spunkycrows.be\/wp-content\/uploads\/2024\/10\/DSC_5926-scaled.jpg?resize=1536%2C1024&amp;ssl=1 1536w, https:\/\/i0.wp.com\/spunkycrows.be\/wp-content\/uploads\/2024\/10\/DSC_5926-scaled.jpg?resize=2048%2C1365&amp;ssl=1 2048w, https:\/\/i0.wp.com\/spunkycrows.be\/wp-content\/uploads\/2024\/10\/DSC_5926-scaled.jpg?resize=350%2C233&amp;ssl=1 350w\" sizes=\"auto, (max-width: 706px) 89vw, (max-width: 767px) 82vw, 740px\" \/><\/figure>\n\n<figure class=\"wp-block-image size-large\"><img data-recalc-dims=\"1\" loading=\"lazy\" decoding=\"async\" width=\"525\" height=\"350\" data-id=\"300\" src=\"https:\/\/i0.wp.com\/spunkycrows.be\/wp-content\/uploads\/2024\/10\/DSC_6109-1024x683.jpg?resize=525%2C350&#038;ssl=1\" alt=\"\" class=\"wp-image-300\" srcset=\"https:\/\/i0.wp.com\/spunkycrows.be\/wp-content\/uploads\/2024\/10\/DSC_6109-scaled.jpg?resize=1024%2C683&amp;ssl=1 1024w, https:\/\/i0.wp.com\/spunkycrows.be\/wp-content\/uploads\/2024\/10\/DSC_6109-scaled.jpg?resize=300%2C200&amp;ssl=1 300w, https:\/\/i0.wp.com\/spunkycrows.be\/wp-content\/uploads\/2024\/10\/DSC_6109-scaled.jpg?resize=768%2C512&amp;ssl=1 768w, https:\/\/i0.wp.com\/spunkycrows.be\/wp-content\/uploads\/2024\/10\/DSC_6109-scaled.jpg?resize=1536%2C1024&amp;ssl=1 1536w, https:\/\/i0.wp.com\/spunkycrows.be\/wp-content\/uploads\/2024\/10\/DSC_6109-scaled.jpg?resize=2048%2C1365&amp;ssl=1 2048w, https:\/\/i0.wp.com\/spunkycrows.be\/wp-content\/uploads\/2024\/10\/DSC_6109-scaled.jpg?resize=350%2C233&amp;ssl=1 350w\" sizes=\"auto, (max-width: 706px) 89vw, (max-width: 767px) 82vw, 740px\" \/><\/figure>\n\n<figure class=\"wp-block-image size-large\"><img data-recalc-dims=\"1\" loading=\"lazy\" decoding=\"async\" width=\"525\" height=\"350\" data-id=\"302\" src=\"https:\/\/i0.wp.com\/spunkycrows.be\/wp-content\/uploads\/2024\/10\/DSC_6589-1024x683.jpg?resize=525%2C350&#038;ssl=1\" alt=\"\" class=\"wp-image-302\" srcset=\"https:\/\/i0.wp.com\/spunkycrows.be\/wp-content\/uploads\/2024\/10\/DSC_6589-scaled.jpg?resize=1024%2C683&amp;ssl=1 1024w, https:\/\/i0.wp.com\/spunkycrows.be\/wp-content\/uploads\/2024\/10\/DSC_6589-scaled.jpg?resize=300%2C200&amp;ssl=1 300w, https:\/\/i0.wp.com\/spunkycrows.be\/wp-content\/uploads\/2024\/10\/DSC_6589-scaled.jpg?resize=768%2C512&amp;ssl=1 768w, https:\/\/i0.wp.com\/spunkycrows.be\/wp-content\/uploads\/2024\/10\/DSC_6589-scaled.jpg?resize=1536%2C1024&amp;ssl=1 1536w, https:\/\/i0.wp.com\/spunkycrows.be\/wp-content\/uploads\/2024\/10\/DSC_6589-scaled.jpg?resize=2048%2C1365&amp;ssl=1 2048w, https:\/\/i0.wp.com\/spunkycrows.be\/wp-content\/uploads\/2024\/10\/DSC_6589-scaled.jpg?resize=350%2C233&amp;ssl=1 350w\" sizes=\"auto, (max-width: 706px) 89vw, (max-width: 767px) 82vw, 740px\" \/><\/figure>\n\n<figure class=\"wp-block-image size-large\"><img data-recalc-dims=\"1\" loading=\"lazy\" decoding=\"async\" width=\"525\" height=\"350\" data-id=\"306\" src=\"https:\/\/i0.wp.com\/spunkycrows.be\/wp-content\/uploads\/2024\/10\/20047-1-1024x682.jpg?resize=525%2C350&#038;ssl=1\" alt=\"\" class=\"wp-image-306\" srcset=\"https:\/\/i0.wp.com\/spunkycrows.be\/wp-content\/uploads\/2024\/10\/20047-1-scaled.jpg?resize=1024%2C682&amp;ssl=1 1024w, https:\/\/i0.wp.com\/spunkycrows.be\/wp-content\/uploads\/2024\/10\/20047-1-scaled.jpg?resize=300%2C200&amp;ssl=1 300w, https:\/\/i0.wp.com\/spunkycrows.be\/wp-content\/uploads\/2024\/10\/20047-1-scaled.jpg?resize=768%2C511&amp;ssl=1 768w, https:\/\/i0.wp.com\/spunkycrows.be\/wp-content\/uploads\/2024\/10\/20047-1-scaled.jpg?resize=1536%2C1022&amp;ssl=1 1536w, https:\/\/i0.wp.com\/spunkycrows.be\/wp-content\/uploads\/2024\/10\/20047-1-scaled.jpg?resize=2048%2C1363&amp;ssl=1 2048w, https:\/\/i0.wp.com\/spunkycrows.be\/wp-content\/uploads\/2024\/10\/20047-1-scaled.jpg?resize=350%2C233&amp;ssl=1 350w\" sizes=\"auto, (max-width: 706px) 89vw, (max-width: 767px) 82vw, 740px\" \/><\/figure><\/figure>","protected":false},"excerpt":{"rendered":"<p>Balade au profit de l&rsquo;association qui r\u00e9alise les r\u00eaves des enfants malades. En accord avec l&rsquo;association, une grande journ\u00e9e est r\u00e9alis\u00e9e par les Spunky Crows : R\u00e9alisation d&rsquo;un v\u0153u en rapport avec le monde de la moto, rencontre de vip, concert, expo. Pr\u00e9sentation de Make-A-Wish<\/p>\n","protected":false},"author":1,"featured_media":0,"parent":0,"menu_order":0,"comment_status":"closed","ping_status":"closed","template":"","meta":{"advanced_seo_description":"","jetpack_seo_html_title":"","jetpack_seo_noindex":false,"footnotes":""},"class_list":["post-261","page","type-page","status-publish","hentry"],"jetpack_sharing_enabled":true,"_links":{"self":[{"href":"https:\/\/spunkycrows.be\/index.php?rest_route=\/wp\/v2\/pages\/261","targetHints":{"allow":["GET"]}}],"collection":[{"href":"https:\/\/spunkycrows.be\/index.php?rest_route=\/wp\/v2\/pages"}],"about":[{"href":"https:\/\/spunkycrows.be\/index.php?rest_route=\/wp\/v2\/types\/page"}],"author":[{"embeddable":true,"href":"https:\/\/spunkycrows.be\/index.php?rest_route=\/wp\/v2\/users\/1"}],"replies":[{"embeddable":true,"href":"https:\/\/spunkycrows.be\/index.php?rest_route=%2Fwp%2Fv2%2Fcomments&post=261"}],"version-history":[{"count":9,"href":"https:\/\/spunkycrows.be\/index.php?rest_route=\/wp\/v2\/pages\/261\/revisions"}],"predecessor-version":[{"id":506,"href":"https:\/\/spunkycrows.be\/index.php?rest_route=\/wp\/v2\/pages\/261\/revisions\/506"}],"wp:attachment":[{"href":"https:\/\/spunkycrows.be\/index.php?rest_route=%2Fwp%2Fv2%2Fmedia&parent=261"}],"curies":[{"name":"wp","href":"https:\/\/api.w.org\/{rel}","templated":true}]}}