{"id":2,"date":"2024-09-26T23:40:40","date_gmt":"2024-09-26T21:40:40","guid":{"rendered":"http:\/\/spunkycrows.be\/?page_id=2"},"modified":"2024-12-06T18:39:03","modified_gmt":"2024-12-06T17:39:03","slug":"page-d-exemple","status":"publish","type":"page","link":"https:\/\/spunkycrows.be\/?page_id=2","title":{"rendered":"Qui sommes nous"},"content":{"rendered":"<p><strong>Les Spunky Crows\u2026L\u2019 histoire&nbsp;:<\/strong><\/p><p>C\u2019est lors d\u2019une balade lors d&rsquo; une journ\u00e9e ensoleill\u00e9e le 12&nbsp;<strong>juillet<\/strong>&nbsp;<strong>2020<\/strong>, rassemblant des amis du futur premier Pr\u00e9sident et du futur premier&nbsp;Vice-Pr\u00e9sident, que l\u2019id\u00e9e autour d\u2019une table et d\u2019un bon verre \u00e9merge : \u00ab\u00a0Pourquoi ne pas cr\u00e9er un club de moto qui viendrait en aide aux \u0153uvres caritatives en Belgique, articul\u00e9 malgr\u00e9 tout autour du voyage et de notre passion commune, la moto&nbsp;?\u00a0\u00bb<\/p><figure class=\"wp-block-image size-large\"><img data-recalc-dims=\"1\" loading=\"lazy\" decoding=\"async\" width=\"525\" height=\"394\" src=\"https:\/\/i0.wp.com\/spunkycrows.be\/wp-content\/uploads\/2024\/10\/IMG-20210403-WA0000-1024x768.jpg?resize=525%2C394&#038;ssl=1\" alt=\"\" class=\"wp-image-276\" srcset=\"https:\/\/i0.wp.com\/spunkycrows.be\/wp-content\/uploads\/2024\/10\/IMG-20210403-WA0000.jpg?resize=1024%2C768&amp;ssl=1 1024w, https:\/\/i0.wp.com\/spunkycrows.be\/wp-content\/uploads\/2024\/10\/IMG-20210403-WA0000.jpg?resize=300%2C225&amp;ssl=1 300w, https:\/\/i0.wp.com\/spunkycrows.be\/wp-content\/uploads\/2024\/10\/IMG-20210403-WA0000.jpg?resize=768%2C576&amp;ssl=1 768w, https:\/\/i0.wp.com\/spunkycrows.be\/wp-content\/uploads\/2024\/10\/IMG-20210403-WA0000.jpg?resize=1536%2C1152&amp;ssl=1 1536w, https:\/\/i0.wp.com\/spunkycrows.be\/wp-content\/uploads\/2024\/10\/IMG-20210403-WA0000.jpg?resize=350%2C263&amp;ssl=1 350w, https:\/\/i0.wp.com\/spunkycrows.be\/wp-content\/uploads\/2024\/10\/IMG-20210403-WA0000.jpg?w=1920&amp;ssl=1 1920w\" sizes=\"auto, (max-width: 706px) 89vw, (max-width: 767px) 82vw, 740px\" \/><\/figure><p>&nbsp;Le futur premier Tr\u00e9sorier, passionn\u00e9 de moto comme les deux autres adore l\u2019id\u00e9e.&nbsp;<\/p><p>Un premier comit\u00e9 est constitu\u00e9.&nbsp;<\/p><figure class=\"wp-block-image size-full\"><img data-recalc-dims=\"1\" loading=\"lazy\" decoding=\"async\" width=\"525\" height=\"504\" src=\"https:\/\/i0.wp.com\/spunkycrows.be\/wp-content\/uploads\/2024\/09\/amis.jpg?resize=525%2C504\" alt=\"\" class=\"wp-image-25\" srcset=\"https:\/\/i0.wp.com\/spunkycrows.be\/wp-content\/uploads\/2024\/09\/amis.jpg?w=639&amp;ssl=1 639w, https:\/\/i0.wp.com\/spunkycrows.be\/wp-content\/uploads\/2024\/09\/amis.jpg?resize=350%2C336&amp;ssl=1 350w, https:\/\/i0.wp.com\/spunkycrows.be\/wp-content\/uploads\/2024\/09\/amis.jpg?resize=300%2C288&amp;ssl=1 300w\" sizes=\"auto, (max-width: 525px) 100vw, 525px\" \/><\/figure><p>Plusieurs r\u00e9unions et r\u00e9flexions plus tard, les fondateurs se retrouvent \u00e0 la table.<\/p><p>Des r\u00e8gles, des id\u00e9es, un logo dessin\u00e9 par un de nos membres, et un nom sont cr\u00e9\u00e9s.<\/p><p><strong>\u00ab&nbsp;Les Spunky Crows Belgium&nbsp;\u00bb.&nbsp;<\/strong>Ce nom n\u2019est pas anodin.<\/p><p><strong>\u00ab\u00a0Spunky\u00a0\u00bb\u00a0<\/strong>signifie \u00ab\u00a0plein de cran \u00bb ce qui d\u00e9terminait bien notre groupe de d\u00e9part ne sachant pas ce qu\u2019allait advenir de notre aventure mais \u00e9tant pr\u00eat \u00e0 tout pour mener notre projet \u00e0 bien n&rsquo;\u00e9tant qu&rsquo;une poign\u00e9e de motiv\u00e9s.<\/p><p><strong>\u00ab\u00a0Crows\u00a0\u00bb,\u00a0<\/strong>les corbeaux, sont des oiseaux intelligent, v\u00eatu de noir comme nos gilets, r\u00e9put\u00e9s pour leur organisation sociale et leur esp\u00e9rance de vie. Dans la mythologie am\u00e9rindienne, le Grand Corbeau est le protecteur des humains.<\/p><p><strong>\u00ab&nbsp;Belgium&nbsp;\u00bb&nbsp;<\/strong>puisque nous voulions rester fid\u00e8les \u00e0 nos origines.<\/p><p><strong><em>\u00ab\u00a0Le club est lanc\u00e9 !\u00a0\u00bb<\/em><\/strong>, les premi\u00e8res balades aussi. C\u2019est les d\u00e9buts des<strong>&nbsp;Spunky Crows Belgium.<\/strong><\/p><p><strong>Fin 2021,&nbsp;<\/strong>le club prend de l\u2019ampleur, nous organisons des balades avec des groupes externes, nous nous faisons des contacts. Le club devient une association. Une organisation se met en place.<\/p><p><strong>D\u00e9but 2022\u00a0<\/strong>le club s\u2019est vu grandir progressivement au fil des ann\u00e9es pour atteindre 14 membres. Plusieurs associations se sont vues aid\u00e9es par notre club au fil du temps par des balades caritatives\u00a0: Cap48, T\u00e9l\u00e9vie, la croix rouge, une balade pour la famille d\u2019un policier d\u00e9c\u00e9d\u00e9 en service, etc.<\/p><p>L\u2019id\u00e9e du comit\u00e9 de base est toujours rest\u00e9e la m\u00eame. Servir et aider les associations&nbsp;en Belgique. Ne pas grandir trop vite et avoir des fr\u00e8res de route fiables.<\/p><p>Afin d\u2019optimiser la fraternit\u00e9 au sein des Spunky, la p\u00e9riode de volontariat et de prospection est mise en route en 2022 \u00e9galement. Le but \u00e9tant de fid\u00e9liser les futurs membres \u00e0 leur club moto et aux causes et valeures qui nous sont ch\u00e8res. La bonne entente entre les membres \u00e9tant aussi une priorit\u00e9 du comit\u00e9.<\/p><p><strong>En milieu d\u2019ann\u00e9e 2022,&nbsp;<\/strong>le nom du club \u00e9volue et prend appellation de<strong>&nbsp;\u00ab&nbsp;Spunky Crows Belgium&nbsp;<a href=\"http:\/\/cb.mc\/\" target=\"_blank\" rel=\"noreferrer noopener\">CB.MC<\/a>&nbsp;\u00bb.<\/strong><\/p><figure class=\"wp-block-image size-large\"><img data-recalc-dims=\"1\" loading=\"lazy\" decoding=\"async\" width=\"525\" height=\"183\" src=\"https:\/\/i0.wp.com\/spunkycrows.be\/wp-content\/uploads\/2024\/09\/3ac77337-5daa-4769-91b3-4e17a74754ee.jpg?resize=525%2C183\" alt=\"\" class=\"wp-image-26\" srcset=\"https:\/\/i0.wp.com\/spunkycrows.be\/wp-content\/uploads\/2024\/09\/3ac77337-5daa-4769-91b3-4e17a74754ee.jpg?resize=1024%2C356&amp;ssl=1 1024w, https:\/\/i0.wp.com\/spunkycrows.be\/wp-content\/uploads\/2024\/09\/3ac77337-5daa-4769-91b3-4e17a74754ee.jpg?resize=350%2C122&amp;ssl=1 350w, https:\/\/i0.wp.com\/spunkycrows.be\/wp-content\/uploads\/2024\/09\/3ac77337-5daa-4769-91b3-4e17a74754ee.jpg?resize=300%2C104&amp;ssl=1 300w, https:\/\/i0.wp.com\/spunkycrows.be\/wp-content\/uploads\/2024\/09\/3ac77337-5daa-4769-91b3-4e17a74754ee.jpg?resize=768%2C267&amp;ssl=1 768w, https:\/\/i0.wp.com\/spunkycrows.be\/wp-content\/uploads\/2024\/09\/3ac77337-5daa-4769-91b3-4e17a74754ee.jpg?resize=1536%2C534&amp;ssl=1 1536w, https:\/\/i0.wp.com\/spunkycrows.be\/wp-content\/uploads\/2024\/09\/3ac77337-5daa-4769-91b3-4e17a74754ee.jpg?w=1960&amp;ssl=1 1960w\" sizes=\"auto, (max-width: 706px) 89vw, (max-width: 767px) 82vw, 740px\" \/><\/figure><p>Les 4 lettres\u00a0<a href=\"http:\/\/cb.mc\/\" target=\"_blank\" rel=\"noreferrer noopener\">CB.MC<\/a>\u00a0apparaissent derri\u00e8re les gilets afin de signifier<strong>\u00a0\u00ab\u00a0Charity Bikers, Motorcycle Club\u00a0\u00bb\u00a0<\/strong>ce qui a permis au club de se diff\u00e9rencier des M.C.P ou A.M.C ou encore des clubs de moto MC 1%, notre but \u00e9tant de favoriser l\u2019image positive du motard dans notre soci\u00e9t\u00e9 et nos valeurs \u00ab\u00a0d&rsquo;aide au prochain\u00a0\u00bb qui nous sont ch\u00e8res. Un slogan est \u00e9galement adopt\u00e9 et port\u00e9 sur les gilets en bas \u00e0 l\u2019arri\u00e8re\u00a0: \u00ab\u00a0<strong>For charities, we serve\u00a0!<\/strong>\u00a0\u00bb<\/p><p><strong>En 2023&nbsp;<\/strong>le projet continue de grandir.&nbsp;<\/p><p>Un grand \u00e9v\u00e8nement est r\u00e9alis\u00e9 pour l\u2019association Make-A-Wish avec un concert, des VIP du monde de la moto, une tombola, des cadeaux au profit d\u2019une jeune fille passionn\u00e9e de moto mais malheureusement atteinte de handicape.&nbsp;<\/p><p><strong>C\u2019est \u00e9galement en d\u00e9but d\u2019ann\u00e9e 2023\u00a0<\/strong>que les Spunky obtiennent leur premier local. Le Plan B, \u00e0 Bra\u00eene-le-Ch\u00e2teau, le patron partageant nos valeurs et passionn\u00e9 de moto.<\/p><figure class=\"wp-block-image size-large\"><img data-recalc-dims=\"1\" loading=\"lazy\" decoding=\"async\" width=\"525\" height=\"312\" src=\"https:\/\/i0.wp.com\/spunkycrows.be\/wp-content\/uploads\/2024\/09\/4a5dcb16-4668-437f-8ec4-6ec85a696cb9.jpg?resize=525%2C312\" alt=\"\" class=\"wp-image-8\" srcset=\"https:\/\/i0.wp.com\/spunkycrows.be\/wp-content\/uploads\/2024\/09\/4a5dcb16-4668-437f-8ec4-6ec85a696cb9.jpg?resize=1024%2C608&amp;ssl=1 1024w, https:\/\/i0.wp.com\/spunkycrows.be\/wp-content\/uploads\/2024\/09\/4a5dcb16-4668-437f-8ec4-6ec85a696cb9.jpg?resize=350%2C208&amp;ssl=1 350w, https:\/\/i0.wp.com\/spunkycrows.be\/wp-content\/uploads\/2024\/09\/4a5dcb16-4668-437f-8ec4-6ec85a696cb9.jpg?resize=300%2C178&amp;ssl=1 300w, https:\/\/i0.wp.com\/spunkycrows.be\/wp-content\/uploads\/2024\/09\/4a5dcb16-4668-437f-8ec4-6ec85a696cb9.jpg?resize=768%2C456&amp;ssl=1 768w, https:\/\/i0.wp.com\/spunkycrows.be\/wp-content\/uploads\/2024\/09\/4a5dcb16-4668-437f-8ec4-6ec85a696cb9.jpg?resize=1536%2C911&amp;ssl=1 1536w, https:\/\/i0.wp.com\/spunkycrows.be\/wp-content\/uploads\/2024\/09\/4a5dcb16-4668-437f-8ec4-6ec85a696cb9.jpg?w=2048&amp;ssl=1 2048w\" sizes=\"auto, (max-width: 706px) 89vw, (max-width: 767px) 82vw, 740px\" \/><\/figure><p>En 2023 \u00e9galement, voyant le club grandir, le comit\u00e9 se r\u00e9uni et peaufine l\u2019avenir du club.<\/p><p>En plus d\u2019un Pr\u00e9sident, Vice-Pr\u00e9sident et Tr\u00e9sorier pr\u00e9sents depuis le d\u00e9but de l\u2019aventure, un Secr\u00e9taire et un gestionnaire s\u00e9curit\u00e9, \u00ab\u00a0Crows Guardian\u00a0\u00bb, voient le jour.<\/p><p><strong>En 2024<\/strong>, les spunky Crows Belgium continuent d&rsquo;int\u00e9resser, le club grandit, une support team pour les \u00e9v\u00e8nement peu \u00eatre utilis\u00e9. Un \u00ab\u00a0Supplies Manager\u00a0\u00bb rejoint la team organisationnelle.<\/p><p>D&rsquo;autres \u00e9v\u00e9nements sont cr\u00e9\u00e9s pour aider entre autres, l&rsquo;association \u00ab\u00a0STOP Harc\u00e8lement\u00a0\u00bb, qui aide les jeunes en situation de Harc\u00e8lement scolaire par exemple, ainsi qu&rsquo;une autre grande balade dont les b\u00e9n\u00e9fices ont enti\u00e8rement \u00e9t\u00e9 revers\u00e9s \u00e0 la famille d&rsquo;un policier d\u00e9c\u00e9d\u00e9 lors de son devoir et \u00e0 l&rsquo;association Belgian Blue Line qui \u0153uvre pour aider les policiers bless\u00e9s lors de leur travail.<\/p><p>Il y a fort \u00e0 croire que, dans les prochaines ann\u00e9es, le club des&nbsp;<strong>Spunky Crows Belgium&nbsp;<a href=\"http:\/\/cb.mc\/\" target=\"_blank\" rel=\"noreferrer noopener\">CB.MC<\/a><\/strong>&nbsp;a un bel avenir qui lui est r\u00e9serv\u00e9.<\/p><p><em>(R\u00e9dig\u00e9 par le Pr\u00e9sident first six, en d\u00e9cembre 2023, m\u00e0j 10\/2024).<\/em><\/p>","protected":false},"excerpt":{"rendered":"<p>Les Spunky Crows\u2026L\u2019 histoire&nbsp;: C\u2019est lors d\u2019une balade lors d&rsquo; une journ\u00e9e ensoleill\u00e9e le 12&nbsp;juillet&nbsp;2020, rassemblant des amis du futur premier Pr\u00e9sident et du futur premier&nbsp;Vice-Pr\u00e9sident, que l\u2019id\u00e9e autour d\u2019une table et d\u2019un bon verre \u00e9merge : \u00ab\u00a0Pourquoi ne pas cr\u00e9er un club de moto qui viendrait en aide aux \u0153uvres caritatives en Belgique, articul\u00e9 &hellip; <\/p>\n<p class=\"link-more\"><a href=\"https:\/\/spunkycrows.be\/?page_id=2\" class=\"more-link\">Continuer la lecture<span class=\"screen-reader-text\"> de &laquo;&nbsp;Qui sommes nous&nbsp;&raquo;<\/span><\/a><\/p>\n","protected":false},"author":1,"featured_media":0,"parent":0,"menu_order":0,"comment_status":"closed","ping_status":"closed","template":"","meta":{"advanced_seo_description":"","jetpack_seo_html_title":"","jetpack_seo_noindex":false,"footnotes":""},"class_list":["post-2","page","type-page","status-publish","hentry"],"jetpack_sharing_enabled":true,"_links":{"self":[{"href":"https:\/\/spunkycrows.be\/index.php?rest_route=\/wp\/v2\/pages\/2","targetHints":{"allow":["GET"]}}],"collection":[{"href":"https:\/\/spunkycrows.be\/index.php?rest_route=\/wp\/v2\/pages"}],"about":[{"href":"https:\/\/spunkycrows.be\/index.php?rest_route=\/wp\/v2\/types\/page"}],"author":[{"embeddable":true,"href":"https:\/\/spunkycrows.be\/index.php?rest_route=\/wp\/v2\/users\/1"}],"replies":[{"embeddable":true,"href":"https:\/\/spunkycrows.be\/index.php?rest_route=%2Fwp%2Fv2%2Fcomments&post=2"}],"version-history":[{"count":12,"href":"https:\/\/spunkycrows.be\/index.php?rest_route=\/wp\/v2\/pages\/2\/revisions"}],"predecessor-version":[{"id":558,"href":"https:\/\/spunkycrows.be\/index.php?rest_route=\/wp\/v2\/pages\/2\/revisions\/558"}],"wp:attachment":[{"href":"https:\/\/spunkycrows.be\/index.php?rest_route=%2Fwp%2Fv2%2Fmedia&parent=2"}],"curies":[{"name":"wp","href":"https:\/\/api.w.org\/{rel}","templated":true}]}}